{"id":13,"date":"2020-01-17T12:10:10","date_gmt":"2020-01-17T12:10:10","guid":{"rendered":"https:\/\/buergerverein-berendsborn.de\/?page_id=13"},"modified":"2026-05-04T07:38:27","modified_gmt":"2026-05-04T07:38:27","slug":"news","status":"publish","type":"page","link":"https:\/\/buergerverein-berendsborn.de\/","title":{"rendered":"News"},"content":{"rendered":"\n<p>Herzlich willkommen auf der Homepage des B\u00fcrgervereins Berendsborn Aktiv e.V. in Konz. Hier finden Sie Informationen \u00fcber unseren Verein sowie \u00fcber seine Aktivit\u00e4ten und Projekte. Viel Spa\u00df.<\/p>\n\n\n\n<p>Wenn Sie die Arbeit des B\u00fcrgervereins Berendsborn Aktiv e.V. durch Ihre Mitgliedschaft unterst\u00fctzen m\u00f6chten, finden Sie einen Mitgliedsantrag auf der Kontaktseite.<\/p>\n\n\n\n<hr class=\"wp-block-separator has-alpha-channel-opacity\"\/>\n\n\n\n<h2 class=\"wp-block-heading\">Berendsborner feiern bei strahlendem Sonnenschein<\/h2>\n\n\n\n<figure class=\"wp-block-gallery has-nested-images columns-default is-cropped wp-block-gallery-1 is-layout-flex wp-block-gallery-is-layout-flex\">\n<figure class=\"wp-block-image size-large\"><img loading=\"lazy\" decoding=\"async\" width=\"998\" height=\"1024\" data-id=\"1124\" src=\"https:\/\/buergerverein-berendsborn.de\/wp-content\/uploads\/2026\/05\/Berendsbornfest-2026-01-998x1024.jpg\" alt=\"\" class=\"wp-image-1124\" srcset=\"https:\/\/buergerverein-berendsborn.de\/wp-content\/uploads\/2026\/05\/Berendsbornfest-2026-01-998x1024.jpg 998w, https:\/\/buergerverein-berendsborn.de\/wp-content\/uploads\/2026\/05\/Berendsbornfest-2026-01-292x300.jpg 292w, https:\/\/buergerverein-berendsborn.de\/wp-content\/uploads\/2026\/05\/Berendsbornfest-2026-01-768x788.jpg 768w, https:\/\/buergerverein-berendsborn.de\/wp-content\/uploads\/2026\/05\/Berendsbornfest-2026-01-960x985.jpg 960w, https:\/\/buergerverein-berendsborn.de\/wp-content\/uploads\/2026\/05\/Berendsbornfest-2026-01.jpg 1433w\" sizes=\"auto, (max-width: 998px) 100vw, 998px\" \/><\/figure>\n\n\n\n<figure class=\"wp-block-image size-large\"><img loading=\"lazy\" decoding=\"async\" width=\"800\" height=\"1003\" data-id=\"1133\" src=\"https:\/\/buergerverein-berendsborn.de\/wp-content\/uploads\/2026\/05\/Berendsbornfest-2026-02-1.jpg\" alt=\"\" class=\"wp-image-1133\" srcset=\"https:\/\/buergerverein-berendsborn.de\/wp-content\/uploads\/2026\/05\/Berendsbornfest-2026-02-1.jpg 800w, https:\/\/buergerverein-berendsborn.de\/wp-content\/uploads\/2026\/05\/Berendsbornfest-2026-02-1-239x300.jpg 239w, https:\/\/buergerverein-berendsborn.de\/wp-content\/uploads\/2026\/05\/Berendsbornfest-2026-02-1-768x963.jpg 768w\" sizes=\"auto, (max-width: 800px) 100vw, 800px\" \/><\/figure>\n\n\n\n<figure class=\"wp-block-image size-large\"><img loading=\"lazy\" decoding=\"async\" width=\"768\" height=\"1024\" data-id=\"1123\" src=\"https:\/\/buergerverein-berendsborn.de\/wp-content\/uploads\/2026\/05\/Berendsbornfest-2026-12-768x1024.jpg\" alt=\"\" class=\"wp-image-1123\" srcset=\"https:\/\/buergerverein-berendsborn.de\/wp-content\/uploads\/2026\/05\/Berendsbornfest-2026-12-768x1024.jpg 768w, https:\/\/buergerverein-berendsborn.de\/wp-content\/uploads\/2026\/05\/Berendsbornfest-2026-12-225x300.jpg 225w, https:\/\/buergerverein-berendsborn.de\/wp-content\/uploads\/2026\/05\/Berendsbornfest-2026-12-1152x1536.jpg 1152w, https:\/\/buergerverein-berendsborn.de\/wp-content\/uploads\/2026\/05\/Berendsbornfest-2026-12-960x1280.jpg 960w, https:\/\/buergerverein-berendsborn.de\/wp-content\/uploads\/2026\/05\/Berendsbornfest-2026-12-rotated.jpg 1500w\" sizes=\"auto, (max-width: 768px) 100vw, 768px\" \/><\/figure>\n<\/figure>\n\n\n\n<figure class=\"wp-block-gallery has-nested-images columns-default is-cropped wp-block-gallery-2 is-layout-flex wp-block-gallery-is-layout-flex\">\n<figure class=\"wp-block-image size-large\"><img loading=\"lazy\" decoding=\"async\" width=\"1024\" height=\"587\" data-id=\"1130\" src=\"https:\/\/buergerverein-berendsborn.de\/wp-content\/uploads\/2026\/05\/Berendsbornfest-2026-03-1024x587.jpg\" alt=\"\" class=\"wp-image-1130\" srcset=\"https:\/\/buergerverein-berendsborn.de\/wp-content\/uploads\/2026\/05\/Berendsbornfest-2026-03-1024x587.jpg 1024w, https:\/\/buergerverein-berendsborn.de\/wp-content\/uploads\/2026\/05\/Berendsbornfest-2026-03-300x172.jpg 300w, https:\/\/buergerverein-berendsborn.de\/wp-content\/uploads\/2026\/05\/Berendsbornfest-2026-03-768x440.jpg 768w, https:\/\/buergerverein-berendsborn.de\/wp-content\/uploads\/2026\/05\/Berendsbornfest-2026-03-1536x880.jpg 1536w, https:\/\/buergerverein-berendsborn.de\/wp-content\/uploads\/2026\/05\/Berendsbornfest-2026-03-960x550.jpg 960w, https:\/\/buergerverein-berendsborn.de\/wp-content\/uploads\/2026\/05\/Berendsbornfest-2026-03.jpg 1996w\" sizes=\"auto, (max-width: 1024px) 100vw, 1024px\" \/><\/figure>\n\n\n\n<figure class=\"wp-block-image size-large\"><img loading=\"lazy\" decoding=\"async\" width=\"1024\" height=\"768\" data-id=\"1127\" src=\"https:\/\/buergerverein-berendsborn.de\/wp-content\/uploads\/2026\/05\/Berendsbornfest-2026-05-1024x768.jpg\" alt=\"\" class=\"wp-image-1127\" srcset=\"https:\/\/buergerverein-berendsborn.de\/wp-content\/uploads\/2026\/05\/Berendsbornfest-2026-05-1024x768.jpg 1024w, https:\/\/buergerverein-berendsborn.de\/wp-content\/uploads\/2026\/05\/Berendsbornfest-2026-05-300x225.jpg 300w, https:\/\/buergerverein-berendsborn.de\/wp-content\/uploads\/2026\/05\/Berendsbornfest-2026-05-768x576.jpg 768w, https:\/\/buergerverein-berendsborn.de\/wp-content\/uploads\/2026\/05\/Berendsbornfest-2026-05-1536x1152.jpg 1536w, https:\/\/buergerverein-berendsborn.de\/wp-content\/uploads\/2026\/05\/Berendsbornfest-2026-05-960x720.jpg 960w, https:\/\/buergerverein-berendsborn.de\/wp-content\/uploads\/2026\/05\/Berendsbornfest-2026-05.jpg 2000w\" sizes=\"auto, (max-width: 1024px) 100vw, 1024px\" \/><\/figure>\n\n\n\n<figure class=\"wp-block-image size-large\"><img loading=\"lazy\" decoding=\"async\" width=\"1024\" height=\"768\" data-id=\"1128\" src=\"https:\/\/buergerverein-berendsborn.de\/wp-content\/uploads\/2026\/05\/Berendsbornfest-2026-06-1024x768.jpg\" alt=\"\" class=\"wp-image-1128\" srcset=\"https:\/\/buergerverein-berendsborn.de\/wp-content\/uploads\/2026\/05\/Berendsbornfest-2026-06-1024x768.jpg 1024w, https:\/\/buergerverein-berendsborn.de\/wp-content\/uploads\/2026\/05\/Berendsbornfest-2026-06-300x225.jpg 300w, https:\/\/buergerverein-berendsborn.de\/wp-content\/uploads\/2026\/05\/Berendsbornfest-2026-06-768x576.jpg 768w, https:\/\/buergerverein-berendsborn.de\/wp-content\/uploads\/2026\/05\/Berendsbornfest-2026-06-1536x1152.jpg 1536w, https:\/\/buergerverein-berendsborn.de\/wp-content\/uploads\/2026\/05\/Berendsbornfest-2026-06-960x720.jpg 960w, https:\/\/buergerverein-berendsborn.de\/wp-content\/uploads\/2026\/05\/Berendsbornfest-2026-06.jpg 2000w\" sizes=\"auto, (max-width: 1024px) 100vw, 1024px\" \/><\/figure>\n\n\n\n<figure class=\"wp-block-image size-large\"><img loading=\"lazy\" decoding=\"async\" width=\"1024\" height=\"709\" data-id=\"1132\" src=\"https:\/\/buergerverein-berendsborn.de\/wp-content\/uploads\/2026\/05\/Berendsbornfest-2026-07-1024x709.jpg\" alt=\"\" class=\"wp-image-1132\" srcset=\"https:\/\/buergerverein-berendsborn.de\/wp-content\/uploads\/2026\/05\/Berendsbornfest-2026-07-1024x709.jpg 1024w, https:\/\/buergerverein-berendsborn.de\/wp-content\/uploads\/2026\/05\/Berendsbornfest-2026-07-300x208.jpg 300w, https:\/\/buergerverein-berendsborn.de\/wp-content\/uploads\/2026\/05\/Berendsbornfest-2026-07-768x532.jpg 768w, https:\/\/buergerverein-berendsborn.de\/wp-content\/uploads\/2026\/05\/Berendsbornfest-2026-07-1536x1064.jpg 1536w, https:\/\/buergerverein-berendsborn.de\/wp-content\/uploads\/2026\/05\/Berendsbornfest-2026-07-960x665.jpg 960w, https:\/\/buergerverein-berendsborn.de\/wp-content\/uploads\/2026\/05\/Berendsbornfest-2026-07.jpg 1836w\" sizes=\"auto, (max-width: 1024px) 100vw, 1024px\" \/><\/figure>\n\n\n\n<figure class=\"wp-block-image size-large\"><img loading=\"lazy\" decoding=\"async\" width=\"1024\" height=\"716\" data-id=\"1129\" src=\"https:\/\/buergerverein-berendsborn.de\/wp-content\/uploads\/2026\/05\/Berendsbornfest-2026-08-1024x716.jpg\" alt=\"\" class=\"wp-image-1129\" srcset=\"https:\/\/buergerverein-berendsborn.de\/wp-content\/uploads\/2026\/05\/Berendsbornfest-2026-08-1024x716.jpg 1024w, https:\/\/buergerverein-berendsborn.de\/wp-content\/uploads\/2026\/05\/Berendsbornfest-2026-08-300x210.jpg 300w, https:\/\/buergerverein-berendsborn.de\/wp-content\/uploads\/2026\/05\/Berendsbornfest-2026-08-768x537.jpg 768w, https:\/\/buergerverein-berendsborn.de\/wp-content\/uploads\/2026\/05\/Berendsbornfest-2026-08-1536x1073.jpg 1536w, https:\/\/buergerverein-berendsborn.de\/wp-content\/uploads\/2026\/05\/Berendsbornfest-2026-08-960x671.jpg 960w, https:\/\/buergerverein-berendsborn.de\/wp-content\/uploads\/2026\/05\/Berendsbornfest-2026-08.jpg 1707w\" sizes=\"auto, (max-width: 1024px) 100vw, 1024px\" \/><\/figure>\n\n\n\n<figure class=\"wp-block-image size-large\"><img loading=\"lazy\" decoding=\"async\" width=\"1024\" height=\"768\" data-id=\"1126\" src=\"https:\/\/buergerverein-berendsborn.de\/wp-content\/uploads\/2026\/05\/Berendsbornfest-2026-09-1024x768.jpg\" alt=\"\" class=\"wp-image-1126\" srcset=\"https:\/\/buergerverein-berendsborn.de\/wp-content\/uploads\/2026\/05\/Berendsbornfest-2026-09-1024x768.jpg 1024w, https:\/\/buergerverein-berendsborn.de\/wp-content\/uploads\/2026\/05\/Berendsbornfest-2026-09-300x225.jpg 300w, https:\/\/buergerverein-berendsborn.de\/wp-content\/uploads\/2026\/05\/Berendsbornfest-2026-09-768x576.jpg 768w, https:\/\/buergerverein-berendsborn.de\/wp-content\/uploads\/2026\/05\/Berendsbornfest-2026-09-1536x1152.jpg 1536w, https:\/\/buergerverein-berendsborn.de\/wp-content\/uploads\/2026\/05\/Berendsbornfest-2026-09-960x720.jpg 960w, https:\/\/buergerverein-berendsborn.de\/wp-content\/uploads\/2026\/05\/Berendsbornfest-2026-09.jpg 2000w\" sizes=\"auto, (max-width: 1024px) 100vw, 1024px\" \/><\/figure>\n\n\n\n<figure class=\"wp-block-image size-large\"><img loading=\"lazy\" decoding=\"async\" width=\"1024\" height=\"768\" data-id=\"1125\" src=\"https:\/\/buergerverein-berendsborn.de\/wp-content\/uploads\/2026\/05\/Berendsbornfest-2026-10-1024x768.jpg\" alt=\"\" class=\"wp-image-1125\" srcset=\"https:\/\/buergerverein-berendsborn.de\/wp-content\/uploads\/2026\/05\/Berendsbornfest-2026-10-1024x768.jpg 1024w, https:\/\/buergerverein-berendsborn.de\/wp-content\/uploads\/2026\/05\/Berendsbornfest-2026-10-300x225.jpg 300w, https:\/\/buergerverein-berendsborn.de\/wp-content\/uploads\/2026\/05\/Berendsbornfest-2026-10-768x576.jpg 768w, https:\/\/buergerverein-berendsborn.de\/wp-content\/uploads\/2026\/05\/Berendsbornfest-2026-10-1536x1152.jpg 1536w, https:\/\/buergerverein-berendsborn.de\/wp-content\/uploads\/2026\/05\/Berendsbornfest-2026-10-960x720.jpg 960w, https:\/\/buergerverein-berendsborn.de\/wp-content\/uploads\/2026\/05\/Berendsbornfest-2026-10.jpg 2000w\" sizes=\"auto, (max-width: 1024px) 100vw, 1024px\" \/><\/figure>\n\n\n\n<figure class=\"wp-block-image size-large\"><img loading=\"lazy\" decoding=\"async\" width=\"1024\" height=\"525\" data-id=\"1131\" src=\"https:\/\/buergerverein-berendsborn.de\/wp-content\/uploads\/2026\/05\/Berendsbornfest-2026-11-1024x525.jpg\" alt=\"\" class=\"wp-image-1131\" srcset=\"https:\/\/buergerverein-berendsborn.de\/wp-content\/uploads\/2026\/05\/Berendsbornfest-2026-11-1024x525.jpg 1024w, https:\/\/buergerverein-berendsborn.de\/wp-content\/uploads\/2026\/05\/Berendsbornfest-2026-11-300x154.jpg 300w, https:\/\/buergerverein-berendsborn.de\/wp-content\/uploads\/2026\/05\/Berendsbornfest-2026-11-768x394.jpg 768w, https:\/\/buergerverein-berendsborn.de\/wp-content\/uploads\/2026\/05\/Berendsbornfest-2026-11-1536x788.jpg 1536w, https:\/\/buergerverein-berendsborn.de\/wp-content\/uploads\/2026\/05\/Berendsbornfest-2026-11-960x493.jpg 960w, https:\/\/buergerverein-berendsborn.de\/wp-content\/uploads\/2026\/05\/Berendsbornfest-2026-11.jpg 1996w\" sizes=\"auto, (max-width: 1024px) 100vw, 1024px\" \/><\/figure>\n<\/figure>\n\n\n\n<p>Bei strahlendem Sonnenschein ging das Berendsbornfest am 30. April und 1. Mai \u00fcber die B\u00fchne. Der B\u00fcrgerverein Berendsborn hatte ein abwechslungsreiches B\u00fchnenprogramm aus Musik, Tanz und Gesang zusammengestellt. Die Coverbands Track Attack und Ku\u00df \u00b4n Groove, der Musikverein Concordia Konz und Kinder der KiTa Arche Noah, der Grundschule St. Nikolaus und des Gymnasiums Konz sowie Tanzformationen des Tanzstudios Afrodance aus Trier begeisterten das Publikum, das in Scharen auf den Festplatz am Brunnen gestr\u00f6mt war. Mit dem Erl\u00f6s des Festes erweitert der B\u00fcrgerverein den Outdoor-Gymnastikparcours im Kurf\u00fcrstenpark.<\/p>\n\n\n\n<hr class=\"wp-block-separator has-alpha-channel-opacity\"\/>\n\n\n\n<figure class=\"wp-block-gallery has-nested-images columns-default is-cropped wp-block-gallery-3 is-layout-flex wp-block-gallery-is-layout-flex\">\n<figure class=\"wp-block-image size-large\"><img loading=\"lazy\" decoding=\"async\" width=\"1024\" height=\"724\" data-id=\"1118\" src=\"https:\/\/buergerverein-berendsborn.de\/wp-content\/uploads\/2026\/04\/Flyer-Berendsbornfest-2026-1-2-1024x724.jpg\" alt=\"\" class=\"wp-image-1118\" srcset=\"https:\/\/buergerverein-berendsborn.de\/wp-content\/uploads\/2026\/04\/Flyer-Berendsbornfest-2026-1-2-1024x724.jpg 1024w, https:\/\/buergerverein-berendsborn.de\/wp-content\/uploads\/2026\/04\/Flyer-Berendsbornfest-2026-1-2-300x212.jpg 300w, https:\/\/buergerverein-berendsborn.de\/wp-content\/uploads\/2026\/04\/Flyer-Berendsbornfest-2026-1-2-768x543.jpg 768w, https:\/\/buergerverein-berendsborn.de\/wp-content\/uploads\/2026\/04\/Flyer-Berendsbornfest-2026-1-2-1536x1086.jpg 1536w, https:\/\/buergerverein-berendsborn.de\/wp-content\/uploads\/2026\/04\/Flyer-Berendsbornfest-2026-1-2-960x679.jpg 960w, https:\/\/buergerverein-berendsborn.de\/wp-content\/uploads\/2026\/04\/Flyer-Berendsbornfest-2026-1-2.jpg 1754w\" sizes=\"auto, (max-width: 1024px) 100vw, 1024px\" \/><\/figure>\n<\/figure>\n\n\n\n<figure class=\"wp-block-gallery has-nested-images columns-default is-cropped wp-block-gallery-4 is-layout-flex wp-block-gallery-is-layout-flex\">\n<figure class=\"wp-block-image size-large\"><img loading=\"lazy\" decoding=\"async\" width=\"1024\" height=\"724\" data-id=\"1119\" src=\"https:\/\/buergerverein-berendsborn.de\/wp-content\/uploads\/2026\/04\/Flyer-Berendsbornfest-2026-2-1024x724.jpg\" alt=\"\" class=\"wp-image-1119\" srcset=\"https:\/\/buergerverein-berendsborn.de\/wp-content\/uploads\/2026\/04\/Flyer-Berendsbornfest-2026-2-1024x724.jpg 1024w, https:\/\/buergerverein-berendsborn.de\/wp-content\/uploads\/2026\/04\/Flyer-Berendsbornfest-2026-2-300x212.jpg 300w, https:\/\/buergerverein-berendsborn.de\/wp-content\/uploads\/2026\/04\/Flyer-Berendsbornfest-2026-2-768x543.jpg 768w, https:\/\/buergerverein-berendsborn.de\/wp-content\/uploads\/2026\/04\/Flyer-Berendsbornfest-2026-2-1536x1086.jpg 1536w, https:\/\/buergerverein-berendsborn.de\/wp-content\/uploads\/2026\/04\/Flyer-Berendsbornfest-2026-2-960x679.jpg 960w, https:\/\/buergerverein-berendsborn.de\/wp-content\/uploads\/2026\/04\/Flyer-Berendsbornfest-2026-2.jpg 1754w\" sizes=\"auto, (max-width: 1024px) 100vw, 1024px\" \/><\/figure>\n<\/figure>\n\n\n\n<figure class=\"wp-block-gallery has-nested-images columns-default is-cropped wp-block-gallery-5 is-layout-flex wp-block-gallery-is-layout-flex\">\n<figure class=\"wp-block-image size-large\"><img loading=\"lazy\" decoding=\"async\" width=\"722\" height=\"1024\" data-id=\"1113\" src=\"https:\/\/buergerverein-berendsborn.de\/wp-content\/uploads\/2026\/04\/Einleger-2026-722x1024.jpg\" alt=\"\" class=\"wp-image-1113\" srcset=\"https:\/\/buergerverein-berendsborn.de\/wp-content\/uploads\/2026\/04\/Einleger-2026-722x1024.jpg 722w, https:\/\/buergerverein-berendsborn.de\/wp-content\/uploads\/2026\/04\/Einleger-2026-211x300.jpg 211w, https:\/\/buergerverein-berendsborn.de\/wp-content\/uploads\/2026\/04\/Einleger-2026-768x1090.jpg 768w, https:\/\/buergerverein-berendsborn.de\/wp-content\/uploads\/2026\/04\/Einleger-2026.jpg 874w\" sizes=\"auto, (max-width: 722px) 100vw, 722px\" \/><\/figure>\n\n\n\n<figure class=\"wp-block-image size-large\"><img loading=\"lazy\" decoding=\"async\" width=\"722\" height=\"1024\" data-id=\"1114\" src=\"https:\/\/buergerverein-berendsborn.de\/wp-content\/uploads\/2026\/04\/Einleger-2026_2-722x1024.jpg\" alt=\"\" class=\"wp-image-1114\" srcset=\"https:\/\/buergerverein-berendsborn.de\/wp-content\/uploads\/2026\/04\/Einleger-2026_2-722x1024.jpg 722w, https:\/\/buergerverein-berendsborn.de\/wp-content\/uploads\/2026\/04\/Einleger-2026_2-211x300.jpg 211w, https:\/\/buergerverein-berendsborn.de\/wp-content\/uploads\/2026\/04\/Einleger-2026_2-768x1090.jpg 768w, https:\/\/buergerverein-berendsborn.de\/wp-content\/uploads\/2026\/04\/Einleger-2026_2.jpg 874w\" sizes=\"auto, (max-width: 722px) 100vw, 722px\" \/><\/figure>\n<\/figure>\n\n\n\n<hr class=\"wp-block-separator has-alpha-channel-opacity\"\/>\n\n\n\n<figure class=\"wp-block-image size-large\"><img loading=\"lazy\" decoding=\"async\" width=\"1024\" height=\"768\" src=\"https:\/\/buergerverein-berendsborn.de\/wp-content\/uploads\/2026\/04\/Vorstand-1024x768.jpg\" alt=\"\" class=\"wp-image-1103\" srcset=\"https:\/\/buergerverein-berendsborn.de\/wp-content\/uploads\/2026\/04\/Vorstand-1024x768.jpg 1024w, https:\/\/buergerverein-berendsborn.de\/wp-content\/uploads\/2026\/04\/Vorstand-300x225.jpg 300w, https:\/\/buergerverein-berendsborn.de\/wp-content\/uploads\/2026\/04\/Vorstand-768x576.jpg 768w, https:\/\/buergerverein-berendsborn.de\/wp-content\/uploads\/2026\/04\/Vorstand-1536x1152.jpg 1536w, https:\/\/buergerverein-berendsborn.de\/wp-content\/uploads\/2026\/04\/Vorstand-960x720.jpg 960w, https:\/\/buergerverein-berendsborn.de\/wp-content\/uploads\/2026\/04\/Vorstand.jpg 2000w\" sizes=\"auto, (max-width: 1024px) 100vw, 1024px\" \/><\/figure>\n\n\n\n<p>Der Vorstand des B\u00fcrgervereins Berendsborn: Hans-Peter Haag, Johannes Pr\u00fcmm, Raimund Esch, Kerstin Wacht, Silvia Schwankl, Nicole Dillschneider, Karl-Peter Jochem (von links)<\/p>\n\n\n\n<hr class=\"wp-block-separator has-alpha-channel-opacity\"\/>\n\n\n\n<p>B\u00fcrgerverein w\u00e4hlt neuen-alten Vorstand<\/p>\n\n\n\n<p>In der j\u00fcngsten Mitgliederversammlung des B\u00fcrgervereins Berendsborn stand unter anderem die Vorstandsneuwahl auf dem Programm. Dieser Punkt war schnell abgehakt, hatten sich doch bis auf ein Vorstandsmitglied alle anderen zur Wiederwahl gestellt. Lediglich Claudine Peifer trat aus pers\u00f6nlichen Gr\u00fcnden nicht mehr an. F\u00fcr sie r\u00fcckte Johannes Pr\u00fcmm als stellvertretender Schriftf\u00fchrer nach. Raimund Esch (Vorsitzender), Karl-Peter Jochem (2. Vorsitzender), Kerstin Wacht (Kassiererin), Silvia Schwankl (stellvertretende Kassiererin), Nicole Dillschneider (Schriftf\u00fchrerin) und Hans-Peter Haag (Beisitzer) komplettieren den Vorstand. Der Verein blickt auf ein positives Jahr 2025 zur\u00fcck. Seniorennachmittage, Dreck-weg-Tag und Gl\u00fchweinfest geh\u00f6ren mittlerweile zu den festen Programmpunkten im Jahr. Das Berendsbornfest zieht als Highlight jedes Jahr Scharen von Besuchern an. Die Planungen f\u00fcr das Berendsbornfest 2026 sind laut Vorstand fast abgeschlossen. Als eine der gr\u00f6\u00dften Ma\u00dfnahmen bisher legte der Verein im vergangenen Jahr einen Outdoor-Gymnastikparcours in der Kurf\u00fcrstenstra\u00dfe an, der in diesem Jahr erweitert und fertiggestellt werden soll.<\/p>\n\n\n\n<hr class=\"wp-block-separator has-alpha-channel-opacity\"\/>\n\n\n\n<div class=\"wp-block-media-text is-stacked-on-mobile\"><figure class=\"wp-block-media-text__media\"><img loading=\"lazy\" decoding=\"async\" width=\"1024\" height=\"638\" src=\"https:\/\/buergerverein-berendsborn.de\/wp-content\/uploads\/2026\/03\/Dreck-weg-Tag_2026-1024x638.jpg\" alt=\"\" class=\"wp-image-1099 size-full\" srcset=\"https:\/\/buergerverein-berendsborn.de\/wp-content\/uploads\/2026\/03\/Dreck-weg-Tag_2026-1024x638.jpg 1024w, https:\/\/buergerverein-berendsborn.de\/wp-content\/uploads\/2026\/03\/Dreck-weg-Tag_2026-300x187.jpg 300w, https:\/\/buergerverein-berendsborn.de\/wp-content\/uploads\/2026\/03\/Dreck-weg-Tag_2026-768x479.jpg 768w, https:\/\/buergerverein-berendsborn.de\/wp-content\/uploads\/2026\/03\/Dreck-weg-Tag_2026-960x598.jpg 960w, https:\/\/buergerverein-berendsborn.de\/wp-content\/uploads\/2026\/03\/Dreck-weg-Tag_2026.jpg 1386w\" sizes=\"auto, (max-width: 1024px) 100vw, 1024px\" \/><\/figure><div class=\"wp-block-media-text__content\">\n<p><strong>Berendsborner r\u00e4umten auf<\/strong><\/p>\n\n\n\n<p>Rund 20 Berendsbornerinnen und Berrendsborner nutzten den strahlenden Sonnenschein am vergangenen Samstag, um ihren Stadtteil aufzur\u00e4umen. Organisiert vom B\u00fcrgerverein Berendsborn und ausgestattet mit Eimern und Greifzangen sammelten sie den M\u00fcll auf, den achtlose Zeitgenossen einfach in der Natur entsorgt hatten. Am Ende der Aufr\u00e4umaktion wartete ein Imbiss auf die flei\u00dfigen Helferinnen und Helfer.<\/p>\n<\/div><\/div>\n\n\n\n<hr class=\"wp-block-separator has-alpha-channel-opacity\"\/>\n\n\n<div class=\"wp-block-image\">\n<figure class=\"aligncenter size-large\"><img loading=\"lazy\" decoding=\"async\" width=\"724\" height=\"1024\" src=\"https:\/\/buergerverein-berendsborn.de\/wp-content\/uploads\/2026\/03\/Dreck-weg-Tag-2026-Plakat-724x1024.jpg\" alt=\"\" class=\"wp-image-1094\" srcset=\"https:\/\/buergerverein-berendsborn.de\/wp-content\/uploads\/2026\/03\/Dreck-weg-Tag-2026-Plakat-724x1024.jpg 724w, https:\/\/buergerverein-berendsborn.de\/wp-content\/uploads\/2026\/03\/Dreck-weg-Tag-2026-Plakat-212x300.jpg 212w, https:\/\/buergerverein-berendsborn.de\/wp-content\/uploads\/2026\/03\/Dreck-weg-Tag-2026-Plakat-768x1086.jpg 768w, https:\/\/buergerverein-berendsborn.de\/wp-content\/uploads\/2026\/03\/Dreck-weg-Tag-2026-Plakat-1086x1536.jpg 1086w, https:\/\/buergerverein-berendsborn.de\/wp-content\/uploads\/2026\/03\/Dreck-weg-Tag-2026-Plakat-960x1358.jpg 960w, https:\/\/buergerverein-berendsborn.de\/wp-content\/uploads\/2026\/03\/Dreck-weg-Tag-2026-Plakat.jpg 1240w\" sizes=\"auto, (max-width: 724px) 100vw, 724px\" \/><\/figure>\n<\/div>\n\n\n<hr class=\"wp-block-separator has-alpha-channel-opacity\"\/>\n\n\n\n<p><strong>TERMINE:<\/strong><\/p>\n\n\n\n<p>2. M\u00e4rz 2026: Mitgliederversammlung im Clubhaus des Tennisclub Konz im Jeuchen<\/p>\n\n\n\n<p>16. M\u00e4rz 2026 : Seniorenkaffeenachmittag im Konzer Doktor B\u00fcrgersaal<\/p>\n\n\n\n<p>30. April \u2013 1. Mai 2026 : Berendsbornfest 6. Dezember 2026 : Gl\u00fchweinfest<\/p>\n\n\n\n<p>6. Dezember 2026 : Gl\u00fchweinfest<\/p>\n\n\n\n<p>Wir freuen uns auf Ihren Besuch. Weitere Termine werden wir zeitnah ver\u00f6ffentlichen.<\/p>\n\n\n\n<p><\/p>\n\n\n\n<p><\/p>\n","protected":false},"excerpt":{"rendered":"<p>Herzlich willkommen auf der Homepage des B\u00fcrgervereins Berendsborn Aktiv e.V. in Konz. Hier finden Sie Informationen \u00fcber unseren Verein sowie \u00fcber seine Aktivit\u00e4ten und Projekte. Viel Spa\u00df. Wenn Sie die Arbeit des B\u00fcrgervereins Berendsborn Aktiv e.V. durch Ihre Mitgliedschaft unterst\u00fctzen m\u00f6chten, finden Sie einen Mitgliedsantrag auf der Kontaktseite. Berendsborner feiern bei strahlendem Sonnenschein Bei strahlendem <a class=\"read-more\" href=\"https:\/\/buergerverein-berendsborn.de\/\">... weiterlesen <span class=\"meta-nav\">&rarr;<\/span><\/a><\/p>\n","protected":false},"author":4,"featured_media":0,"parent":0,"menu_order":0,"comment_status":"closed","ping_status":"closed","template":"","meta":{"footnotes":""},"class_list":["post-13","page","type-page","status-publish","hentry"],"_links":{"self":[{"href":"https:\/\/buergerverein-berendsborn.de\/index.php?rest_route=\/wp\/v2\/pages\/13","targetHints":{"allow":["GET"]}}],"collection":[{"href":"https:\/\/buergerverein-berendsborn.de\/index.php?rest_route=\/wp\/v2\/pages"}],"about":[{"href":"https:\/\/buergerverein-berendsborn.de\/index.php?rest_route=\/wp\/v2\/types\/page"}],"author":[{"embeddable":true,"href":"https:\/\/buergerverein-berendsborn.de\/index.php?rest_route=\/wp\/v2\/users\/4"}],"replies":[{"embeddable":true,"href":"https:\/\/buergerverein-berendsborn.de\/index.php?rest_route=%2Fwp%2Fv2%2Fcomments&post=13"}],"version-history":[{"count":121,"href":"https:\/\/buergerverein-berendsborn.de\/index.php?rest_route=\/wp\/v2\/pages\/13\/revisions"}],"predecessor-version":[{"id":1134,"href":"https:\/\/buergerverein-berendsborn.de\/index.php?rest_route=\/wp\/v2\/pages\/13\/revisions\/1134"}],"wp:attachment":[{"href":"https:\/\/buergerverein-berendsborn.de\/index.php?rest_route=%2Fwp%2Fv2%2Fmedia&parent=13"}],"curies":[{"name":"wp","href":"https:\/\/api.w.org\/{rel}","templated":true}]}}