{"id":141,"date":"2020-05-20T08:06:37","date_gmt":"2020-05-20T08:06:37","guid":{"rendered":"https:\/\/buergerverein-berendsborn.de\/?page_id=141"},"modified":"2026-03-03T08:56:48","modified_gmt":"2026-03-03T08:56:48","slug":"vorstand","status":"publish","type":"page","link":"https:\/\/buergerverein-berendsborn.de\/?page_id=141","title":{"rendered":"Vorstand"},"content":{"rendered":"\n<p>Anschrift: Nikolausstra\u00dfe 21, 54329 Konz, Telefon 06501\/93610, Mail contact@buergerverein-berendsborn.de<\/p>\n\n\n\n<p>Vorsitzender:&nbsp;Raimund Esch<\/p>\n\n\n\n<p>Stellvertretender Vorsitzender:&nbsp;Karl-Peter Jochem<\/p>\n\n\n\n<p>Schatzmeisterin: Kerstin Wacht<\/p>\n\n\n\n<p>Stellv. Schatzmeisterin: Silvia Schwankl<\/p>\n\n\n\n<p>Schriftf\u00fchrerin: Nicole Dillschneider<\/p>\n\n\n\n<p>stellvertretender Schriftf\u00fchrer: Johannes Pr\u00fcmm<\/p>\n\n\n\n<p>Beisitzer: Hans-Peter Haag<\/p>\n\n\n\n<p><\/p>\n\n\n\n<p><\/p>\n\n\n\n<p><\/p>\n","protected":false},"excerpt":{"rendered":"<p>Anschrift: Nikolausstra\u00dfe 21, 54329 Konz, Telefon 06501\/93610, Mail contact@buergerverein-berendsborn.de Vorsitzender:&nbsp;Raimund Esch Stellvertretender Vorsitzender:&nbsp;Karl-Peter Jochem Schatzmeisterin: Kerstin Wacht Stellv. Schatzmeisterin: Silvia Schwankl Schriftf\u00fchrerin: Nicole Dillschneider stellvertretender Schriftf\u00fchrer: Johannes Pr\u00fcmm Beisitzer: Hans-Peter Haag<\/p>\n","protected":false},"author":3,"featured_media":0,"parent":0,"menu_order":0,"comment_status":"closed","ping_status":"closed","template":"","meta":{"footnotes":""},"class_list":["post-141","page","type-page","status-publish","hentry"],"_links":{"self":[{"href":"https:\/\/buergerverein-berendsborn.de\/index.php?rest_route=\/wp\/v2\/pages\/141","targetHints":{"allow":["GET"]}}],"collection":[{"href":"https:\/\/buergerverein-berendsborn.de\/index.php?rest_route=\/wp\/v2\/pages"}],"about":[{"href":"https:\/\/buergerverein-berendsborn.de\/index.php?rest_route=\/wp\/v2\/types\/page"}],"author":[{"embeddable":true,"href":"https:\/\/buergerverein-berendsborn.de\/index.php?rest_route=\/wp\/v2\/users\/3"}],"replies":[{"embeddable":true,"href":"https:\/\/buergerverein-berendsborn.de\/index.php?rest_route=%2Fwp%2Fv2%2Fcomments&post=141"}],"version-history":[{"count":7,"href":"https:\/\/buergerverein-berendsborn.de\/index.php?rest_route=\/wp\/v2\/pages\/141\/revisions"}],"predecessor-version":[{"id":1098,"href":"https:\/\/buergerverein-berendsborn.de\/index.php?rest_route=\/wp\/v2\/pages\/141\/revisions\/1098"}],"wp:attachment":[{"href":"https:\/\/buergerverein-berendsborn.de\/index.php?rest_route=%2Fwp%2Fv2%2Fmedia&parent=141"}],"curies":[{"name":"wp","href":"https:\/\/api.w.org\/{rel}","templated":true}]}}