{"id":148,"date":"2020-05-20T09:00:42","date_gmt":"2020-05-20T09:00:42","guid":{"rendered":"https:\/\/buergerverein-berendsborn.de\/?page_id=148"},"modified":"2020-06-04T22:05:46","modified_gmt":"2020-06-04T22:05:46","slug":"geschichte-des-stadtteils","status":"publish","type":"page","link":"https:\/\/buergerverein-berendsborn.de\/?page_id=148","title":{"rendered":"Geschichte des Stadtteils"},"content":{"rendered":"\n<p>Nachfolgend wollen wir Ihnen eine kurze Zusammenfassung der Entstehungsgeschichte geben.<\/p>\n\n\n\n<p>(Quelle: \u201eDer Berendsborn\u201c, Festschrift zur Einweihung des neugestalteten Berendsborn, Herausgeber: Stadt Konz, 1989, Autor: Rudolf Molter)<\/p>\n\n\n\n<p>Das Gebiet, auf dem sich heute der Stadtteil Berendsborn befindet, hat eine Jahrhunderte alte Geschichte. Schon vor \u00fcber 440 Jahren wurde der Brunnen, der unserem Stadtteil seinen Namen gibt, erstmals urkundlich erw\u00e4hnt. Das Kloster Himmerod hatte mit den Eheleuten Bartzen aus Merzlich(-Karthaus) einen Pachtvertrag geschlossen. Im Pachtbrief vom 22. April 1566 ist die Rede von \u201eeinem halben Morgen obent Contz bei Bernhardts Boren\u201c. Gr\u00fcnder des Klosters Himmerod war Bernhard von Clairvaux.<\/p>\n\n\n\n<p>Der Bernhardsborn hatte zu dieser Zeit auch eine gro\u00dfe juristische Bedeutung. Brunnen und wei\u00dfer Wacken \u2013 ein Monolith, der heute in unmittelbarer N\u00e4he des Brunnens liegt - bildeten die Gerichtsgrenze zwischen den \u00c4mtern Pfalzel und Saarburg. Eine Innschrift am heutigen Brunnen weist auf diese Bedeutung hin.<\/p>\n\n\n\n<p>Lange bevor die Siedlung Berendsborn entstand und die ersten H\u00e4user hier errichtet wurden, diente der Brunnen als Viehtr\u00e4nke und W\u00e4schbur\/Waschstelle.Die Geburtsstunde f\u00fcr unseren Stadtteil Berendsborn schlug vor 50 Jahren. Am 6. November 1949 legte B\u00fcrgermeister Lehmann den Grundstein zu dem Haus Am Berendsborn 9\/10. Die Stra\u00dfe \u201eAm Berendsborn\u201c \u2013 der fr\u00fchere Filzer Weg \u2013 war die erste Erschlie\u00dfungsstra\u00dfe der neuen \u201eSiedlung Berendsborn\u201c. Es folgte 1951 im n\u00e4chsten Bauabschnitt die Schlesierstra\u00dfe, anschlie\u00dfend die Deutschherren- und Hubert-Zettelmeyer-Stra\u00dfe. Das Bauland kostete zun\u00e4chst 33 Pfennig pro Quadratmeter, f\u00fcr die Hubert-Zettelmeyer-Stra\u00dfe war 1,33 DM zu zahlen. 1960 beschloss der Stadtrat den Bebauungsplan \u201eBerendsborn II\u201c, den Bereich Graf-Metternich-Stra\u00dfe. Das neueste Baugebiet, das \u201eSchwalbennest\u201c wurde 2007 erschlossen.<br>Am 24. Juli 1975 wurde der Kindergarten Arche Noah eingeweiht.<\/p>\n\n\n\n<p>Am 15. Januar 1977 gehen die ersten Kinder in die neu errichtete Grundschule St. Nikolaus.<\/p>\n\n\n\n<p>Die \u201eSiedlung\u201c, wie sie von vielen Konzern auch heute noch genannt wird, w\u00e4chst stetig an. Am 15. September 1979 feiern die B\u00fcrger auf der Festwiese am Brunnen ihr erstes Berendsbornfest. Weitere Feste folgen. Es werden Maib\u00e4ume aufgestellt, W\u00fcrstchen gebraten, Musik erklingt. Die Erl\u00f6se dieser Feste kommen z.B. den Konzer Kinderg\u00e4rten zugute. Allerdings beginnt man auch zu sparen. Und zwar f\u00fcr die Neugestaltung des Brunnens. Dazu g\u00fcndete man die Interessengemeinschaft Berendsborn, deren Triebfeder und Organisator der Friseurmeister Walter Holderer war.<\/p>\n\n\n\n<p>Schlie\u00dflich wird mit einem gro\u00dfen Fest am 10. und 11. Juni 1989 der neu gestaltete Brunnen eingeweiht, der nach den Pl\u00e4nen von Rudi Molter errichtet wurde. Fanfarenzug, Musikverein Condordia, S\u00e4ngervereinigung Konz und der Kirchenchor tragen zur Unterhaltung der G\u00e4ste bei. B\u00fcrgermeister Hermann Hendricks spricht die Festrede, Walter Holderer er\u00f6ffnet das Fest und Rudi Molter stellt den neuen Brunnen vor.<\/p>\n\n\n\n<p>Lebensmittelgesch\u00e4fte und eine Sparkasse hat es hier gegeben. Sie sind mittlerweile verschwunden.<br>Heute leben auf Berendsborn rund 2.200 Menschen.<\/p>\n","protected":false},"excerpt":{"rendered":"<p>Nachfolgend wollen wir Ihnen eine kurze Zusammenfassung der Entstehungsgeschichte geben. (Quelle: \u201eDer Berendsborn\u201c, Festschrift zur Einweihung des neugestalteten Berendsborn, Herausgeber: Stadt Konz, 1989, Autor: Rudolf Molter) Das Gebiet, auf dem sich heute der Stadtteil Berendsborn befindet, hat eine Jahrhunderte alte Geschichte. Schon vor \u00fcber 440 Jahren wurde der Brunnen, der unserem Stadtteil seinen Namen gibt, <a class=\"read-more\" href=\"https:\/\/buergerverein-berendsborn.de\/?page_id=148\">... weiterlesen <span class=\"meta-nav\">&rarr;<\/span><\/a><\/p>\n","protected":false},"author":3,"featured_media":0,"parent":0,"menu_order":0,"comment_status":"closed","ping_status":"closed","template":"","meta":{"footnotes":""},"class_list":["post-148","page","type-page","status-publish","hentry"],"_links":{"self":[{"href":"https:\/\/buergerverein-berendsborn.de\/index.php?rest_route=\/wp\/v2\/pages\/148","targetHints":{"allow":["GET"]}}],"collection":[{"href":"https:\/\/buergerverein-berendsborn.de\/index.php?rest_route=\/wp\/v2\/pages"}],"about":[{"href":"https:\/\/buergerverein-berendsborn.de\/index.php?rest_route=\/wp\/v2\/types\/page"}],"author":[{"embeddable":true,"href":"https:\/\/buergerverein-berendsborn.de\/index.php?rest_route=\/wp\/v2\/users\/3"}],"replies":[{"embeddable":true,"href":"https:\/\/buergerverein-berendsborn.de\/index.php?rest_route=%2Fwp%2Fv2%2Fcomments&post=148"}],"version-history":[{"count":2,"href":"https:\/\/buergerverein-berendsborn.de\/index.php?rest_route=\/wp\/v2\/pages\/148\/revisions"}],"predecessor-version":[{"id":285,"href":"https:\/\/buergerverein-berendsborn.de\/index.php?rest_route=\/wp\/v2\/pages\/148\/revisions\/285"}],"wp:attachment":[{"href":"https:\/\/buergerverein-berendsborn.de\/index.php?rest_route=%2Fwp%2Fv2%2Fmedia&parent=148"}],"curies":[{"name":"wp","href":"https:\/\/api.w.org\/{rel}","templated":true}]}}