{"id":242,"date":"2020-05-31T10:20:01","date_gmt":"2020-05-31T10:20:01","guid":{"rendered":"https:\/\/buergerverein-berendsborn.de\/?page_id=242"},"modified":"2020-06-04T21:59:55","modified_gmt":"2020-06-04T21:59:55","slug":"2017-2","status":"publish","type":"page","link":"https:\/\/buergerverein-berendsborn.de\/?page_id=242","title":{"rendered":"2017"},"content":{"rendered":"\n<div class=\"wp-block-media-text alignwide is-stacked-on-mobile\"><figure class=\"wp-block-media-text__media\"><img loading=\"lazy\" decoding=\"async\" width=\"1024\" height=\"576\" src=\"https:\/\/buergerverein-berendsborn.de\/wp-content\/uploads\/2020\/05\/Senorenkaffe-2017_03-1024x576.jpg\" alt=\"\" class=\"wp-image-243\" srcset=\"https:\/\/buergerverein-berendsborn.de\/wp-content\/uploads\/2020\/05\/Senorenkaffe-2017_03-1024x576.jpg 1024w, https:\/\/buergerverein-berendsborn.de\/wp-content\/uploads\/2020\/05\/Senorenkaffe-2017_03-300x169.jpg 300w, https:\/\/buergerverein-berendsborn.de\/wp-content\/uploads\/2020\/05\/Senorenkaffe-2017_03-768x432.jpg 768w, https:\/\/buergerverein-berendsborn.de\/wp-content\/uploads\/2020\/05\/Senorenkaffe-2017_03-960x540.jpg 960w, https:\/\/buergerverein-berendsborn.de\/wp-content\/uploads\/2020\/05\/Senorenkaffe-2017_03.jpg 1417w\" sizes=\"auto, (max-width: 1024px) 100vw, 1024px\" \/><\/figure><div class=\"wp-block-media-text__content\">\n<p class=\"has-normal-font-size\">Am 18. M\u00e4rz treffen sich die Berendsborn-Senioren zum Kaffe, Kuchen, belegten Br\u00f6tchen und bunter Unterhaltung zum Seniorennachmittag<\/p>\n<\/div><\/div>\n\n\n\n<div style=\"height:100px\" aria-hidden=\"true\" class=\"wp-block-spacer\"><\/div>\n\n\n\n<div class=\"wp-block-media-text alignwide has-media-on-the-right is-stacked-on-mobile\"><figure class=\"wp-block-media-text__media\"><img loading=\"lazy\" decoding=\"async\" width=\"750\" height=\"468\" src=\"https:\/\/buergerverein-berendsborn.de\/wp-content\/uploads\/2020\/05\/Dreck-weg-Tag_2017-5_int.jpg\" alt=\"\" class=\"wp-image-244\" srcset=\"https:\/\/buergerverein-berendsborn.de\/wp-content\/uploads\/2020\/05\/Dreck-weg-Tag_2017-5_int.jpg 750w, https:\/\/buergerverein-berendsborn.de\/wp-content\/uploads\/2020\/05\/Dreck-weg-Tag_2017-5_int-300x187.jpg 300w\" sizes=\"auto, (max-width: 750px) 100vw, 750px\" \/><\/figure><div class=\"wp-block-media-text__content\">\n<p class=\"has-normal-font-size\">Am 25. M\u00e4rz sammeln flei\u00dfige Helfer wieder den Unrat ein, den andere auf den Stra\u00dfen und Pl\u00e4tzen des Stadtteils weggeworfen haben.<\/p>\n<\/div><\/div>\n\n\n\n<div style=\"height:100px\" aria-hidden=\"true\" class=\"wp-block-spacer\"><\/div>\n\n\n\n<figure class=\"wp-block-gallery columns-3 is-cropped wp-block-gallery-1 is-layout-flex wp-block-gallery-is-layout-flex\"><ul class=\"blocks-gallery-grid\"><li class=\"blocks-gallery-item\"><figure><img loading=\"lazy\" decoding=\"async\" width=\"500\" height=\"333\" src=\"https:\/\/buergerverein-berendsborn.de\/wp-content\/uploads\/2020\/05\/01-HP-Berendsbornfest-2017_1.jpg\" alt=\"\" data-id=\"245\" data-link=\"https:\/\/buergerverein-berendsborn.de\/?attachment_id=245\" class=\"wp-image-245\" srcset=\"https:\/\/buergerverein-berendsborn.de\/wp-content\/uploads\/2020\/05\/01-HP-Berendsbornfest-2017_1.jpg 500w, https:\/\/buergerverein-berendsborn.de\/wp-content\/uploads\/2020\/05\/01-HP-Berendsbornfest-2017_1-300x200.jpg 300w\" sizes=\"auto, (max-width: 500px) 100vw, 500px\" \/><\/figure><\/li><li class=\"blocks-gallery-item\"><figure><img loading=\"lazy\" decoding=\"async\" width=\"500\" height=\"333\" src=\"https:\/\/buergerverein-berendsborn.de\/wp-content\/uploads\/2020\/05\/01-HP-Berendsbornfest-2017_2.jpg\" alt=\"\" data-id=\"246\" data-link=\"https:\/\/buergerverein-berendsborn.de\/?attachment_id=246\" class=\"wp-image-246\" srcset=\"https:\/\/buergerverein-berendsborn.de\/wp-content\/uploads\/2020\/05\/01-HP-Berendsbornfest-2017_2.jpg 500w, https:\/\/buergerverein-berendsborn.de\/wp-content\/uploads\/2020\/05\/01-HP-Berendsbornfest-2017_2-300x200.jpg 300w\" sizes=\"auto, (max-width: 500px) 100vw, 500px\" \/><\/figure><\/li><li class=\"blocks-gallery-item\"><figure><img loading=\"lazy\" decoding=\"async\" width=\"500\" height=\"333\" src=\"https:\/\/buergerverein-berendsborn.de\/wp-content\/uploads\/2020\/05\/01-HP-Berendsbornfest-2017_4bV.jpg\" alt=\"\" data-id=\"248\" data-link=\"https:\/\/buergerverein-berendsborn.de\/?attachment_id=248\" class=\"wp-image-248\" srcset=\"https:\/\/buergerverein-berendsborn.de\/wp-content\/uploads\/2020\/05\/01-HP-Berendsbornfest-2017_4bV.jpg 500w, https:\/\/buergerverein-berendsborn.de\/wp-content\/uploads\/2020\/05\/01-HP-Berendsbornfest-2017_4bV-300x200.jpg 300w\" sizes=\"auto, (max-width: 500px) 100vw, 500px\" \/><\/figure><\/li><li class=\"blocks-gallery-item\"><figure><img loading=\"lazy\" decoding=\"async\" width=\"337\" height=\"500\" src=\"https:\/\/buergerverein-berendsborn.de\/wp-content\/uploads\/2020\/05\/01-HP-Berendsbornfest-2017_5.jpg\" alt=\"\" data-id=\"249\" data-link=\"https:\/\/buergerverein-berendsborn.de\/?attachment_id=249\" class=\"wp-image-249\" srcset=\"https:\/\/buergerverein-berendsborn.de\/wp-content\/uploads\/2020\/05\/01-HP-Berendsbornfest-2017_5.jpg 337w, https:\/\/buergerverein-berendsborn.de\/wp-content\/uploads\/2020\/05\/01-HP-Berendsbornfest-2017_5-202x300.jpg 202w\" sizes=\"auto, (max-width: 337px) 100vw, 337px\" \/><\/figure><\/li><li class=\"blocks-gallery-item\"><figure><img loading=\"lazy\" decoding=\"async\" width=\"500\" height=\"333\" src=\"https:\/\/buergerverein-berendsborn.de\/wp-content\/uploads\/2020\/05\/01-HP-Berendsbornfest-2017_6.jpg\" alt=\"\" data-id=\"250\" data-link=\"https:\/\/buergerverein-berendsborn.de\/?attachment_id=250\" class=\"wp-image-250\" srcset=\"https:\/\/buergerverein-berendsborn.de\/wp-content\/uploads\/2020\/05\/01-HP-Berendsbornfest-2017_6.jpg 500w, https:\/\/buergerverein-berendsborn.de\/wp-content\/uploads\/2020\/05\/01-HP-Berendsbornfest-2017_6-300x200.jpg 300w\" sizes=\"auto, (max-width: 500px) 100vw, 500px\" \/><\/figure><\/li><li class=\"blocks-gallery-item\"><figure><img loading=\"lazy\" decoding=\"async\" width=\"500\" height=\"333\" src=\"https:\/\/buergerverein-berendsborn.de\/wp-content\/uploads\/2020\/05\/01-HP-Berendsbornfest-2017_7.jpg\" alt=\"\" data-id=\"251\" data-full-url=\"https:\/\/buergerverein-berendsborn.de\/wp-content\/uploads\/2020\/05\/01-HP-Berendsbornfest-2017_7.jpg\" data-link=\"https:\/\/buergerverein-berendsborn.de\/?attachment_id=251\" class=\"wp-image-251\" srcset=\"https:\/\/buergerverein-berendsborn.de\/wp-content\/uploads\/2020\/05\/01-HP-Berendsbornfest-2017_7.jpg 500w, https:\/\/buergerverein-berendsborn.de\/wp-content\/uploads\/2020\/05\/01-HP-Berendsbornfest-2017_7-300x200.jpg 300w\" sizes=\"auto, (max-width: 500px) 100vw, 500px\" \/><\/figure><\/li><\/ul><figcaption class=\"blocks-gallery-caption\"><br>Der Festplatz ist voller Menschen. Im Festzelt und an den Getr\u00e4nke- und Imbissst\u00e4nden dr\u00e4ngen sich die G\u00e4ste: Es ist wieder Berendsbornfest. <br>Strahlender Sonnenschein bescherte den Berendsbornern einen vollen Festplatz. Das Fest beginnt mit dem Schm\u00fccken des Maibaums durch dutzende von Kindern und dem anschlie\u00dfenden Aufstellen durch M\u00e4nner aus dem Publikum, die sich spontan melden und die buntgeschm\u00fcckte Birke unter dem Applaus der Zuschauer an ihren Platz wuchten. Viel Applaus gibt es auch f\u00fcr die Big Band des Gymnasiums Konz, die ebenso wie DJ Bernie seit Jahren das Publikum begeistert. Bis in die Nacht hinein tanzen die Menschen auf der Stra\u00dfe. Das B\u00fchnenprogramm ist eines der Markenzeichen des Festes. Die Kinder der Grundschule St. Nikolaus sind stets mit neuen Auff\u00fchrungen dabei. Erstmals stehen in diesem Jahr der Gospel Chor \u201eHappy Voices\u201c der evangelischen Kirchengemeinde und die Cover-Band \u201eNeighbourhood\u201c aus Temmels auf der Berendsborn-B\u00fchne.<\/figcaption><\/figure>\n\n\n\n<figure class=\"wp-block-gallery columns-3 is-cropped wp-block-gallery-2 is-layout-flex wp-block-gallery-is-layout-flex\"><ul class=\"blocks-gallery-grid\"><li class=\"blocks-gallery-item\"><figure><img loading=\"lazy\" decoding=\"async\" width=\"500\" height=\"334\" src=\"https:\/\/buergerverein-berendsborn.de\/wp-content\/uploads\/2020\/05\/01-HP-Berendsbornfest-2017_8.jpg\" alt=\"\" data-id=\"252\" data-link=\"https:\/\/buergerverein-berendsborn.de\/?attachment_id=252\" class=\"wp-image-252\" srcset=\"https:\/\/buergerverein-berendsborn.de\/wp-content\/uploads\/2020\/05\/01-HP-Berendsbornfest-2017_8.jpg 500w, https:\/\/buergerverein-berendsborn.de\/wp-content\/uploads\/2020\/05\/01-HP-Berendsbornfest-2017_8-300x200.jpg 300w\" sizes=\"auto, (max-width: 500px) 100vw, 500px\" \/><\/figure><\/li><li class=\"blocks-gallery-item\"><figure><img loading=\"lazy\" decoding=\"async\" width=\"500\" height=\"333\" src=\"https:\/\/buergerverein-berendsborn.de\/wp-content\/uploads\/2020\/05\/01-HP-Berendsbornfest-2017_9.jpg\" alt=\"\" data-id=\"253\" data-link=\"https:\/\/buergerverein-berendsborn.de\/?attachment_id=253\" class=\"wp-image-253\" srcset=\"https:\/\/buergerverein-berendsborn.de\/wp-content\/uploads\/2020\/05\/01-HP-Berendsbornfest-2017_9.jpg 500w, https:\/\/buergerverein-berendsborn.de\/wp-content\/uploads\/2020\/05\/01-HP-Berendsbornfest-2017_9-300x200.jpg 300w\" sizes=\"auto, (max-width: 500px) 100vw, 500px\" \/><\/figure><\/li><li class=\"blocks-gallery-item\"><figure><img loading=\"lazy\" decoding=\"async\" width=\"500\" height=\"333\" src=\"https:\/\/buergerverein-berendsborn.de\/wp-content\/uploads\/2020\/05\/01-HP-Berendsbornfest-2017_10.jpg\" alt=\"\" data-id=\"254\" data-link=\"https:\/\/buergerverein-berendsborn.de\/?attachment_id=254\" class=\"wp-image-254\" srcset=\"https:\/\/buergerverein-berendsborn.de\/wp-content\/uploads\/2020\/05\/01-HP-Berendsbornfest-2017_10.jpg 500w, https:\/\/buergerverein-berendsborn.de\/wp-content\/uploads\/2020\/05\/01-HP-Berendsbornfest-2017_10-300x200.jpg 300w\" sizes=\"auto, (max-width: 500px) 100vw, 500px\" \/><\/figure><\/li><li class=\"blocks-gallery-item\"><figure><img loading=\"lazy\" decoding=\"async\" width=\"500\" height=\"334\" src=\"https:\/\/buergerverein-berendsborn.de\/wp-content\/uploads\/2020\/05\/01-HP-Berendsbornfest-2017_11.jpg\" alt=\"\" data-id=\"255\" data-link=\"https:\/\/buergerverein-berendsborn.de\/?attachment_id=255\" class=\"wp-image-255\" srcset=\"https:\/\/buergerverein-berendsborn.de\/wp-content\/uploads\/2020\/05\/01-HP-Berendsbornfest-2017_11.jpg 500w, https:\/\/buergerverein-berendsborn.de\/wp-content\/uploads\/2020\/05\/01-HP-Berendsbornfest-2017_11-300x200.jpg 300w\" sizes=\"auto, (max-width: 500px) 100vw, 500px\" \/><\/figure><\/li><li class=\"blocks-gallery-item\"><figure><img loading=\"lazy\" decoding=\"async\" width=\"500\" height=\"333\" src=\"https:\/\/buergerverein-berendsborn.de\/wp-content\/uploads\/2020\/05\/01-HP-Berendsbornfest-2017_12.jpg\" alt=\"\" data-id=\"256\" data-full-url=\"https:\/\/buergerverein-berendsborn.de\/wp-content\/uploads\/2020\/05\/01-HP-Berendsbornfest-2017_12.jpg\" data-link=\"https:\/\/buergerverein-berendsborn.de\/?attachment_id=256\" class=\"wp-image-256\" srcset=\"https:\/\/buergerverein-berendsborn.de\/wp-content\/uploads\/2020\/05\/01-HP-Berendsbornfest-2017_12.jpg 500w, https:\/\/buergerverein-berendsborn.de\/wp-content\/uploads\/2020\/05\/01-HP-Berendsbornfest-2017_12-300x200.jpg 300w\" sizes=\"auto, (max-width: 500px) 100vw, 500px\" \/><\/figure><\/li><\/ul><\/figure>\n\n\n\n<p class=\"has-text-align-center has-medium-font-size\"><strong>13. Mai<\/strong><\/p>\n\n\n\n<p>Zum 40-j\u00e4hrigen Schuljubil\u00e4um der St. Nikolaus-Grundschule auf dem Berendsborn am 13. Mai \u00fcberreichte der B\u00fcrgerverein dem F\u00f6rderverein der Grundschule einen Scheck \u00fcber 400 Euro. Seit 2011 beteiligt sich die Grundschule regelm\u00e4\u00dfig mit T\u00e4nzen, Ges\u00e4ngen und kleinen Theaterauff\u00fchrungen am B\u00fchnenprogramm des Berendsbornfestes.<\/p>\n\n\n\n<div class=\"wp-block-image\"><figure class=\"aligncenter size-large\"><img loading=\"lazy\" decoding=\"async\" width=\"750\" height=\"491\" src=\"https:\/\/buergerverein-berendsborn.de\/wp-content\/uploads\/2020\/06\/Spenden\u00fcbergabe_int.jpg\" alt=\"\" class=\"wp-image-276\" srcset=\"https:\/\/buergerverein-berendsborn.de\/wp-content\/uploads\/2020\/06\/Spenden\u00fcbergabe_int.jpg 750w, https:\/\/buergerverein-berendsborn.de\/wp-content\/uploads\/2020\/06\/Spenden\u00fcbergabe_int-300x196.jpg 300w\" sizes=\"auto, (max-width: 750px) 100vw, 750px\" \/><\/figure><\/div>\n\n\n\n<p class=\"has-text-align-center has-medium-font-size\"><strong>9. August 2017<\/strong><\/p>\n\n\n\n<p>Auf der Festwiese beginnen Bauarbeiten. Dort soll ein Regenr\u00fcckhaltebecken entstehen. Kanal und Stra\u00dfe werden erneuert. Laut Mitteilung des VG-Werke-Leiters sollen die Bauarbeiten bis zum n\u00e4chsten Berendsbornfest abgeschlossen sein. Dies sollte sich als nicht haltbar erweisen.<\/p>\n\n\n\n<figure class=\"wp-block-gallery columns-2 is-cropped wp-block-gallery-3 is-layout-flex wp-block-gallery-is-layout-flex\"><ul class=\"blocks-gallery-grid\"><li class=\"blocks-gallery-item\"><figure><img loading=\"lazy\" decoding=\"async\" width=\"750\" height=\"563\" src=\"https:\/\/buergerverein-berendsborn.de\/wp-content\/uploads\/2020\/06\/Bauarbeiten_int_1.jpg\" alt=\"\" data-id=\"273\" data-link=\"https:\/\/buergerverein-berendsborn.de\/?attachment_id=273\" class=\"wp-image-273\" srcset=\"https:\/\/buergerverein-berendsborn.de\/wp-content\/uploads\/2020\/06\/Bauarbeiten_int_1.jpg 750w, https:\/\/buergerverein-berendsborn.de\/wp-content\/uploads\/2020\/06\/Bauarbeiten_int_1-300x225.jpg 300w\" sizes=\"auto, (max-width: 750px) 100vw, 750px\" \/><\/figure><\/li><li class=\"blocks-gallery-item\"><figure><img loading=\"lazy\" decoding=\"async\" width=\"750\" height=\"563\" src=\"https:\/\/buergerverein-berendsborn.de\/wp-content\/uploads\/2020\/06\/Bauarbeiten_int_2.jpg\" alt=\"\" data-id=\"274\" data-full-url=\"https:\/\/buergerverein-berendsborn.de\/wp-content\/uploads\/2020\/06\/Bauarbeiten_int_2.jpg\" data-link=\"https:\/\/buergerverein-berendsborn.de\/?attachment_id=274\" class=\"wp-image-274\" srcset=\"https:\/\/buergerverein-berendsborn.de\/wp-content\/uploads\/2020\/06\/Bauarbeiten_int_2.jpg 750w, https:\/\/buergerverein-berendsborn.de\/wp-content\/uploads\/2020\/06\/Bauarbeiten_int_2-300x225.jpg 300w\" sizes=\"auto, (max-width: 750px) 100vw, 750px\" \/><\/figure><\/li><\/ul><\/figure>\n\n\n\n<div class=\"wp-block-image\"><figure class=\"aligncenter size-large\"><img loading=\"lazy\" decoding=\"async\" width=\"1024\" height=\"836\" src=\"https:\/\/buergerverein-berendsborn.de\/wp-content\/uploads\/2020\/06\/Vereinszeitung-1024x836.jpg\" alt=\"\" class=\"wp-image-280\" srcset=\"https:\/\/buergerverein-berendsborn.de\/wp-content\/uploads\/2020\/06\/Vereinszeitung-1024x836.jpg 1024w, https:\/\/buergerverein-berendsborn.de\/wp-content\/uploads\/2020\/06\/Vereinszeitung-300x245.jpg 300w, https:\/\/buergerverein-berendsborn.de\/wp-content\/uploads\/2020\/06\/Vereinszeitung-768x627.jpg 768w, https:\/\/buergerverein-berendsborn.de\/wp-content\/uploads\/2020\/06\/Vereinszeitung-960x784.jpg 960w, https:\/\/buergerverein-berendsborn.de\/wp-content\/uploads\/2020\/06\/Vereinszeitung.jpg 1409w\" sizes=\"auto, (max-width: 1024px) 100vw, 1024px\" \/><figcaption>Der Trierische Volksfreund stellt den B\u00fcrgerverein in seiner Ausgabe \"Vereinszeitung\" am 15. August ausf\u00fchrlich vor.<\/figcaption><\/figure><\/div>\n\n\n\n<div class=\"wp-block-image\"><figure class=\"aligncenter size-large\"><img loading=\"lazy\" decoding=\"async\" width=\"750\" height=\"599\" src=\"https:\/\/buergerverein-berendsborn.de\/wp-content\/uploads\/2020\/06\/Kinderwanderung-A-5.jpg\" alt=\"\" class=\"wp-image-278\" srcset=\"https:\/\/buergerverein-berendsborn.de\/wp-content\/uploads\/2020\/06\/Kinderwanderung-A-5.jpg 750w, https:\/\/buergerverein-berendsborn.de\/wp-content\/uploads\/2020\/06\/Kinderwanderung-A-5-300x240.jpg 300w\" sizes=\"auto, (max-width: 750px) 100vw, 750px\" \/><\/figure><\/div>\n\n\n\n<div class=\"wp-block-image\"><figure class=\"aligncenter size-large\"><img loading=\"lazy\" decoding=\"async\" width=\"750\" height=\"422\" src=\"https:\/\/buergerverein-berendsborn.de\/wp-content\/uploads\/2020\/06\/Seniorennachmittag-2017.jpg\" alt=\"\" class=\"wp-image-279\" srcset=\"https:\/\/buergerverein-berendsborn.de\/wp-content\/uploads\/2020\/06\/Seniorennachmittag-2017.jpg 750w, https:\/\/buergerverein-berendsborn.de\/wp-content\/uploads\/2020\/06\/Seniorennachmittag-2017-300x169.jpg 300w\" sizes=\"auto, (max-width: 750px) 100vw, 750px\" \/><figcaption>Am 11. Oktober treffen sich die Berendsborner Senioren zum 2. Seniorenkaffee des Jahres.<\/figcaption><\/figure><\/div>\n\n\n\n<p class=\"has-text-align-center has-medium-font-size\"><strong>22. November 2017<\/strong><\/p>\n\n\n\n<p>Auf Einladung des Landtagsabgeordneten Bernhard Henter besucht der B\u00fcrgerverein den Landtag in Mainz, der aufgrund der Renovierung im Landesmuseum in Mainz tagt. Besuch einer Plenarsitzung und auf der R\u00fcckfahrt ein Essen im Kloster Machern.<\/p>\n\n\n\n<div class=\"wp-block-image\"><figure class=\"aligncenter size-large\"><img loading=\"lazy\" decoding=\"async\" width=\"750\" height=\"447\" src=\"https:\/\/buergerverein-berendsborn.de\/wp-content\/uploads\/2020\/06\/Gl\u00fcweinfest-2017_int1.jpg\" alt=\"\" class=\"wp-image-282\" srcset=\"https:\/\/buergerverein-berendsborn.de\/wp-content\/uploads\/2020\/06\/Gl\u00fcweinfest-2017_int1.jpg 750w, https:\/\/buergerverein-berendsborn.de\/wp-content\/uploads\/2020\/06\/Gl\u00fcweinfest-2017_int1-300x179.jpg 300w\" sizes=\"auto, (max-width: 750px) 100vw, 750px\" \/><figcaption>Alle Jahre wieder: Am 10. Dezember besucht St. Nikolaus das Gl\u00fchweinfest<\/figcaption><\/figure><\/div>\n\n\n\n<p><\/p>\n","protected":false},"excerpt":{"rendered":"<p>Am 18. M\u00e4rz treffen sich die Berendsborn-Senioren zum Kaffe, Kuchen, belegten Br\u00f6tchen und bunter Unterhaltung zum Seniorennachmittag Am 25. M\u00e4rz sammeln flei\u00dfige Helfer wieder den Unrat ein, den andere auf den Stra\u00dfen und Pl\u00e4tzen des Stadtteils weggeworfen haben. 13. Mai Zum 40-j\u00e4hrigen Schuljubil\u00e4um der St. Nikolaus-Grundschule auf dem Berendsborn am 13. Mai \u00fcberreichte der B\u00fcrgerverein <a class=\"read-more\" href=\"https:\/\/buergerverein-berendsborn.de\/?page_id=242\">... weiterlesen <span class=\"meta-nav\">&rarr;<\/span><\/a><\/p>\n","protected":false},"author":3,"featured_media":0,"parent":0,"menu_order":0,"comment_status":"closed","ping_status":"closed","template":"","meta":{"footnotes":""},"class_list":["post-242","page","type-page","status-publish","hentry"],"_links":{"self":[{"href":"https:\/\/buergerverein-berendsborn.de\/index.php?rest_route=\/wp\/v2\/pages\/242","targetHints":{"allow":["GET"]}}],"collection":[{"href":"https:\/\/buergerverein-berendsborn.de\/index.php?rest_route=\/wp\/v2\/pages"}],"about":[{"href":"https:\/\/buergerverein-berendsborn.de\/index.php?rest_route=\/wp\/v2\/types\/page"}],"author":[{"embeddable":true,"href":"https:\/\/buergerverein-berendsborn.de\/index.php?rest_route=\/wp\/v2\/users\/3"}],"replies":[{"embeddable":true,"href":"https:\/\/buergerverein-berendsborn.de\/index.php?rest_route=%2Fwp%2Fv2%2Fcomments&post=242"}],"version-history":[{"count":8,"href":"https:\/\/buergerverein-berendsborn.de\/index.php?rest_route=\/wp\/v2\/pages\/242\/revisions"}],"predecessor-version":[{"id":284,"href":"https:\/\/buergerverein-berendsborn.de\/index.php?rest_route=\/wp\/v2\/pages\/242\/revisions\/284"}],"wp:attachment":[{"href":"https:\/\/buergerverein-berendsborn.de\/index.php?rest_route=%2Fwp%2Fv2%2Fmedia&parent=242"}],"curies":[{"name":"wp","href":"https:\/\/api.w.org\/{rel}","templated":true}]}}