{"id":297,"date":"2020-06-05T15:00:31","date_gmt":"2020-06-05T15:00:31","guid":{"rendered":"https:\/\/buergerverein-berendsborn.de\/?page_id=297"},"modified":"2020-06-05T15:43:18","modified_gmt":"2020-06-05T15:43:18","slug":"2016-2","status":"publish","type":"page","link":"https:\/\/buergerverein-berendsborn.de\/?page_id=297","title":{"rendered":"2016"},"content":{"rendered":"\n<figure class=\"wp-block-gallery aligncenter columns-1 is-cropped wp-block-gallery-1 is-layout-flex wp-block-gallery-is-layout-flex\"><ul class=\"blocks-gallery-grid\"><li class=\"blocks-gallery-item\"><figure><img loading=\"lazy\" decoding=\"async\" width=\"750\" height=\"423\" src=\"https:\/\/buergerverein-berendsborn.de\/wp-content\/uploads\/2020\/06\/Dreck-weg-Tag-int.jpg\" alt=\"\" data-id=\"298\" data-full-url=\"https:\/\/buergerverein-berendsborn.de\/wp-content\/uploads\/2020\/06\/Dreck-weg-Tag-int.jpg\" data-link=\"https:\/\/buergerverein-berendsborn.de\/?attachment_id=298\" class=\"wp-image-298\" srcset=\"https:\/\/buergerverein-berendsborn.de\/wp-content\/uploads\/2020\/06\/Dreck-weg-Tag-int.jpg 750w, https:\/\/buergerverein-berendsborn.de\/wp-content\/uploads\/2020\/06\/Dreck-weg-Tag-int-300x169.jpg 300w\" sizes=\"auto, (max-width: 750px) 100vw, 750px\" \/><\/figure><\/li><\/ul><figcaption class=\"blocks-gallery-caption\">Wie jedes Jahr beginnt auch diese Saison mit dem Dreck-weg-Tag am 19. M\u00e4rz<\/figcaption><\/figure>\n\n\n\n<hr class=\"wp-block-separator\"\/>\n\n\n\n<div class=\"wp-block-media-text alignwide is-stacked-on-mobile\"><figure class=\"wp-block-media-text__media\"><img loading=\"lazy\" decoding=\"async\" width=\"750\" height=\"422\" src=\"https:\/\/buergerverein-berendsborn.de\/wp-content\/uploads\/2020\/06\/Garage-int.jpg\" alt=\"\" class=\"wp-image-310\" srcset=\"https:\/\/buergerverein-berendsborn.de\/wp-content\/uploads\/2020\/06\/Garage-int.jpg 750w, https:\/\/buergerverein-berendsborn.de\/wp-content\/uploads\/2020\/06\/Garage-int-300x169.jpg 300w\" sizes=\"auto, (max-width: 750px) 100vw, 750px\" \/><\/figure><div class=\"wp-block-media-text__content\">\n<p>Anfang April werden die letzten Fliesen und Pflastersteine an der neuen Garage verlegt und damit die Bauarbeiten abgeschlossen.<\/p>\n<\/div><\/div>\n\n\n\n<hr class=\"wp-block-separator\"\/>\n\n\n\n<p>Wetterkapriolen am Berendsbornfest: dem verregneten Start am 30. April folgte strahlender Sonnenschein am 1. Mai. Die Besucher des Berendsbornfestes lie\u00dfen sich auch vom total verregneten Start das Stadtteilfest nicht vermiesen sondern tanzten im Regen unter dem Maibaum. Am 1. Mai zeigte sich das Wetter von einer besseren Seite. Bei Sonnenschein zog es zahlreiche Wanderer zu dem traditionellen Stadtteilfest.<\/p>\n\n\n\n<figure class=\"wp-block-gallery aligncenter columns-3 is-cropped wp-block-gallery-2 is-layout-flex wp-block-gallery-is-layout-flex\"><ul class=\"blocks-gallery-grid\"><li class=\"blocks-gallery-item\"><figure><img loading=\"lazy\" decoding=\"async\" width=\"750\" height=\"563\" src=\"https:\/\/buergerverein-berendsborn.de\/wp-content\/uploads\/2020\/06\/Berendsbornfest-2016-in-10.jpg\" alt=\"\" data-id=\"299\" data-link=\"https:\/\/buergerverein-berendsborn.de\/?attachment_id=299\" class=\"wp-image-299\" srcset=\"https:\/\/buergerverein-berendsborn.de\/wp-content\/uploads\/2020\/06\/Berendsbornfest-2016-in-10.jpg 750w, https:\/\/buergerverein-berendsborn.de\/wp-content\/uploads\/2020\/06\/Berendsbornfest-2016-in-10-300x225.jpg 300w\" sizes=\"auto, (max-width: 750px) 100vw, 750px\" \/><\/figure><\/li><li class=\"blocks-gallery-item\"><figure><img loading=\"lazy\" decoding=\"async\" width=\"750\" height=\"904\" src=\"https:\/\/buergerverein-berendsborn.de\/wp-content\/uploads\/2020\/06\/Berendsbornfest-2016-int-6.jpg\" alt=\"\" data-id=\"301\" data-link=\"https:\/\/buergerverein-berendsborn.de\/?attachment_id=301\" class=\"wp-image-301\" srcset=\"https:\/\/buergerverein-berendsborn.de\/wp-content\/uploads\/2020\/06\/Berendsbornfest-2016-int-6.jpg 750w, https:\/\/buergerverein-berendsborn.de\/wp-content\/uploads\/2020\/06\/Berendsbornfest-2016-int-6-249x300.jpg 249w\" sizes=\"auto, (max-width: 750px) 100vw, 750px\" \/><\/figure><\/li><li class=\"blocks-gallery-item\"><figure><img loading=\"lazy\" decoding=\"async\" width=\"750\" height=\"563\" src=\"https:\/\/buergerverein-berendsborn.de\/wp-content\/uploads\/2020\/06\/Berendsbornfest-2016-int-11.jpg\" alt=\"\" data-id=\"302\" data-link=\"https:\/\/buergerverein-berendsborn.de\/?attachment_id=302\" class=\"wp-image-302\" srcset=\"https:\/\/buergerverein-berendsborn.de\/wp-content\/uploads\/2020\/06\/Berendsbornfest-2016-int-11.jpg 750w, https:\/\/buergerverein-berendsborn.de\/wp-content\/uploads\/2020\/06\/Berendsbornfest-2016-int-11-300x225.jpg 300w\" sizes=\"auto, (max-width: 750px) 100vw, 750px\" \/><\/figure><\/li><li class=\"blocks-gallery-item\"><figure><img loading=\"lazy\" decoding=\"async\" width=\"750\" height=\"579\" src=\"https:\/\/buergerverein-berendsborn.de\/wp-content\/uploads\/2020\/06\/Berendsbornfest-2016-int-1-1.jpg\" alt=\"\" data-id=\"303\" data-full-url=\"https:\/\/buergerverein-berendsborn.de\/wp-content\/uploads\/2020\/06\/Berendsbornfest-2016-int-1-1.jpg\" data-link=\"https:\/\/buergerverein-berendsborn.de\/?attachment_id=303\" class=\"wp-image-303\" srcset=\"https:\/\/buergerverein-berendsborn.de\/wp-content\/uploads\/2020\/06\/Berendsbornfest-2016-int-1-1.jpg 750w, https:\/\/buergerverein-berendsborn.de\/wp-content\/uploads\/2020\/06\/Berendsbornfest-2016-int-1-1-300x232.jpg 300w\" sizes=\"auto, (max-width: 750px) 100vw, 750px\" \/><\/figure><\/li><\/ul><\/figure>\n\n\n\n<div class=\"wp-block-image\"><figure class=\"aligncenter size-large\"><img loading=\"lazy\" decoding=\"async\" width=\"444\" height=\"551\" src=\"https:\/\/buergerverein-berendsborn.de\/wp-content\/uploads\/2020\/06\/Plakat.jpg\" alt=\"\" class=\"wp-image-304\" srcset=\"https:\/\/buergerverein-berendsborn.de\/wp-content\/uploads\/2020\/06\/Plakat.jpg 444w, https:\/\/buergerverein-berendsborn.de\/wp-content\/uploads\/2020\/06\/Plakat-242x300.jpg 242w\" sizes=\"auto, (max-width: 444px) 100vw, 444px\" \/><figcaption>Auf Bitten der Konzer-Doktor-B\u00fcrgerstiftung betreibt der B\u00fcrgerverein seit einigen Jahren an dieser Veranstaltung einen Getr\u00e4nkestand und unterst\u00fctzt die Veranstalter bei der Organisation<\/figcaption><\/figure><\/div>\n\n\n\n<div class=\"wp-block-image\"><figure class=\"aligncenter size-large\"><img loading=\"lazy\" decoding=\"async\" width=\"750\" height=\"422\" src=\"https:\/\/buergerverein-berendsborn.de\/wp-content\/uploads\/2020\/06\/Scheck\u00fcbergabe-KiTa-int.jpg\" alt=\"\" class=\"wp-image-308\" srcset=\"https:\/\/buergerverein-berendsborn.de\/wp-content\/uploads\/2020\/06\/Scheck\u00fcbergabe-KiTa-int.jpg 750w, https:\/\/buergerverein-berendsborn.de\/wp-content\/uploads\/2020\/06\/Scheck\u00fcbergabe-KiTa-int-300x169.jpg 300w\" sizes=\"auto, (max-width: 750px) 100vw, 750px\" \/><figcaption>Am 3. Juli \u00fcbergibt B\u00fcrgervereinsvorsitzender Hans-Josef Luy annl\u00e4\u00dflich des 40-j\u00e4hrigen Jubil\u00e4ums einen Spendenscheck \u00fcber 300 Euro an die KiTa Arche Noah.<\/figcaption><\/figure><\/div>\n\n\n\n<p class=\"has-text-align-center has-medium-font-size\"><strong>21. Juli 2016<\/strong><\/p>\n\n\n\n<figure class=\"wp-block-gallery aligncenter columns-3 is-cropped wp-block-gallery-3 is-layout-flex wp-block-gallery-is-layout-flex\"><ul class=\"blocks-gallery-grid\"><li class=\"blocks-gallery-item\"><figure><img loading=\"lazy\" decoding=\"async\" width=\"750\" height=\"422\" src=\"https:\/\/buergerverein-berendsborn.de\/wp-content\/uploads\/2020\/06\/Hochwasser-1-int.jpg\" alt=\"\" data-id=\"313\" data-link=\"https:\/\/buergerverein-berendsborn.de\/?attachment_id=313\" class=\"wp-image-313\" srcset=\"https:\/\/buergerverein-berendsborn.de\/wp-content\/uploads\/2020\/06\/Hochwasser-1-int.jpg 750w, https:\/\/buergerverein-berendsborn.de\/wp-content\/uploads\/2020\/06\/Hochwasser-1-int-300x169.jpg 300w\" sizes=\"auto, (max-width: 750px) 100vw, 750px\" \/><\/figure><\/li><li class=\"blocks-gallery-item\"><figure><img loading=\"lazy\" decoding=\"async\" width=\"750\" height=\"422\" src=\"https:\/\/buergerverein-berendsborn.de\/wp-content\/uploads\/2020\/06\/Hochwasser-2-int.jpg\" alt=\"\" data-id=\"314\" data-link=\"https:\/\/buergerverein-berendsborn.de\/?attachment_id=314\" class=\"wp-image-314\" srcset=\"https:\/\/buergerverein-berendsborn.de\/wp-content\/uploads\/2020\/06\/Hochwasser-2-int.jpg 750w, https:\/\/buergerverein-berendsborn.de\/wp-content\/uploads\/2020\/06\/Hochwasser-2-int-300x169.jpg 300w\" sizes=\"auto, (max-width: 750px) 100vw, 750px\" \/><\/figure><\/li><li class=\"blocks-gallery-item\"><figure><img loading=\"lazy\" decoding=\"async\" width=\"750\" height=\"422\" src=\"https:\/\/buergerverein-berendsborn.de\/wp-content\/uploads\/2020\/06\/Hochwasser-3-int.jpg\" alt=\"\" data-id=\"315\" data-full-url=\"https:\/\/buergerverein-berendsborn.de\/wp-content\/uploads\/2020\/06\/Hochwasser-3-int.jpg\" data-link=\"https:\/\/buergerverein-berendsborn.de\/?attachment_id=315\" class=\"wp-image-315\" srcset=\"https:\/\/buergerverein-berendsborn.de\/wp-content\/uploads\/2020\/06\/Hochwasser-3-int.jpg 750w, https:\/\/buergerverein-berendsborn.de\/wp-content\/uploads\/2020\/06\/Hochwasser-3-int-300x169.jpg 300w\" sizes=\"auto, (max-width: 750px) 100vw, 750px\" \/><\/figure><\/li><\/ul><figcaption class=\"blocks-gallery-caption\">Nach einem Platzregen ist die Berendsborner Senke innerhalb weniger Minuten \u00fcberflutet. Auch in der B\u00fcrgervereins-Garage steht das Wasser etwa 40 cm hoch. Der Schaden h\u00e4lt sich in Grenzen. Helfer r\u00e4umen die Garage aus und trocknen alles. Der Verein hofft, dass  durch den geplanten Bau eines Regenr\u00fcckhaltebeckens unter dem Festplatz derartige Hochwasserereignisse glimpflicher ausfallen.<\/figcaption><\/figure>\n\n\n\n<hr class=\"wp-block-separator\"\/>\n\n\n\n<div class=\"wp-block-image\"><figure class=\"aligncenter size-large\"><img loading=\"lazy\" decoding=\"async\" width=\"440\" height=\"630\" src=\"https:\/\/buergerverein-berendsborn.de\/wp-content\/uploads\/2020\/06\/Federwei\u00dfenfest-Plakat-int.jpg\" alt=\"\" class=\"wp-image-316\" srcset=\"https:\/\/buergerverein-berendsborn.de\/wp-content\/uploads\/2020\/06\/Federwei\u00dfenfest-Plakat-int.jpg 440w, https:\/\/buergerverein-berendsborn.de\/wp-content\/uploads\/2020\/06\/Federwei\u00dfenfest-Plakat-int-210x300.jpg 210w\" sizes=\"auto, (max-width: 440px) 100vw, 440px\" \/><\/figure><\/div>\n\n\n\n<div class=\"wp-block-image\"><figure class=\"aligncenter size-large\"><img loading=\"lazy\" decoding=\"async\" width=\"750\" height=\"563\" src=\"https:\/\/buergerverein-berendsborn.de\/wp-content\/uploads\/2020\/06\/Gl\u00fchweinfest-2016-int.jpg\" alt=\"\" class=\"wp-image-317\" srcset=\"https:\/\/buergerverein-berendsborn.de\/wp-content\/uploads\/2020\/06\/Gl\u00fchweinfest-2016-int.jpg 750w, https:\/\/buergerverein-berendsborn.de\/wp-content\/uploads\/2020\/06\/Gl\u00fchweinfest-2016-int-300x225.jpg 300w\" sizes=\"auto, (max-width: 750px) 100vw, 750px\" \/><figcaption>Traditionell besucht St. Nikolaus das Gl\u00fchweinfest des B\u00fcrgervereins. Diesmal am 11. Dezember. Pastor Klaus Stankowitz \u00fcberbringt den Segen des heiligen Mannes.<\/figcaption><\/figure><\/div>\n","protected":false},"excerpt":{"rendered":"<p>Anfang April werden die letzten Fliesen und Pflastersteine an der neuen Garage verlegt und damit die Bauarbeiten abgeschlossen. Wetterkapriolen am Berendsbornfest: dem verregneten Start am 30. April folgte strahlender Sonnenschein am 1. Mai. Die Besucher des Berendsbornfestes lie\u00dfen sich auch vom total verregneten Start das Stadtteilfest nicht vermiesen sondern tanzten im Regen unter dem Maibaum. <a class=\"read-more\" href=\"https:\/\/buergerverein-berendsborn.de\/?page_id=297\">... weiterlesen <span class=\"meta-nav\">&rarr;<\/span><\/a><\/p>\n","protected":false},"author":3,"featured_media":0,"parent":0,"menu_order":0,"comment_status":"closed","ping_status":"closed","template":"","meta":{"footnotes":""},"class_list":["post-297","page","type-page","status-publish","hentry"],"_links":{"self":[{"href":"https:\/\/buergerverein-berendsborn.de\/index.php?rest_route=\/wp\/v2\/pages\/297","targetHints":{"allow":["GET"]}}],"collection":[{"href":"https:\/\/buergerverein-berendsborn.de\/index.php?rest_route=\/wp\/v2\/pages"}],"about":[{"href":"https:\/\/buergerverein-berendsborn.de\/index.php?rest_route=\/wp\/v2\/types\/page"}],"author":[{"embeddable":true,"href":"https:\/\/buergerverein-berendsborn.de\/index.php?rest_route=\/wp\/v2\/users\/3"}],"replies":[{"embeddable":true,"href":"https:\/\/buergerverein-berendsborn.de\/index.php?rest_route=%2Fwp%2Fv2%2Fcomments&post=297"}],"version-history":[{"count":6,"href":"https:\/\/buergerverein-berendsborn.de\/index.php?rest_route=\/wp\/v2\/pages\/297\/revisions"}],"predecessor-version":[{"id":319,"href":"https:\/\/buergerverein-berendsborn.de\/index.php?rest_route=\/wp\/v2\/pages\/297\/revisions\/319"}],"wp:attachment":[{"href":"https:\/\/buergerverein-berendsborn.de\/index.php?rest_route=%2Fwp%2Fv2%2Fmedia&parent=297"}],"curies":[{"name":"wp","href":"https:\/\/api.w.org\/{rel}","templated":true}]}}