{"id":32,"date":"2020-01-17T12:17:56","date_gmt":"2020-01-17T12:17:56","guid":{"rendered":"https:\/\/buergerverein-berendsborn.de\/?page_id=32"},"modified":"2020-01-17T12:19:32","modified_gmt":"2020-01-17T12:19:32","slug":"alle-jahre-wieder","status":"publish","type":"page","link":"https:\/\/buergerverein-berendsborn.de\/?page_id=32","title":{"rendered":"Alle Jahre wieder\u2026."},"content":{"rendered":"\n<p>besucht der Nikolaus das Gl\u00fchweinfest des B\u00fcrgervereins Berendsborn.<\/p>\n\n\n\n<figure class=\"wp-block-image size-large\"><img loading=\"lazy\" decoding=\"async\" width=\"1024\" height=\"630\" src=\"https:\/\/buergerverein-berendsborn.de\/wp-content\/uploads\/2020\/01\/nikolaus-1024x630.jpg\" alt=\"\" class=\"wp-image-35\" srcset=\"https:\/\/buergerverein-berendsborn.de\/wp-content\/uploads\/2020\/01\/nikolaus-1024x630.jpg 1024w, https:\/\/buergerverein-berendsborn.de\/wp-content\/uploads\/2020\/01\/nikolaus-300x184.jpg 300w, https:\/\/buergerverein-berendsborn.de\/wp-content\/uploads\/2020\/01\/nikolaus-768x472.jpg 768w, https:\/\/buergerverein-berendsborn.de\/wp-content\/uploads\/2020\/01\/nikolaus-624x384.jpg 624w, https:\/\/buergerverein-berendsborn.de\/wp-content\/uploads\/2020\/01\/nikolaus.jpg 1280w\" sizes=\"auto, (max-width: 1024px) 100vw, 1024px\" \/><\/figure>\n\n\n\n<p> Allj\u00e4hrlich versammeln sich die Berendsborner bei w\u00fcrzigem Gl\u00fchwein,  deftigen W\u00fcrstchen, leckerer Suppe und Waffeln, um den Advent zu feiern.  Trotz des schlechten Wetters hatte es sich der heilige Mann auch in  diesem nicht nehmen lassen, die Berendsborner zu besuchen und den  Kindern ein kleines Geschenk mitzubringen. Eigens f\u00fcr den Besuch des  heiligen Mannes hat der B\u00fcrgerverein ein Gesangsprojekt f\u00fcr Kinder ins  Leben gerufen. Unter der Leitung von Kristina Esch begr\u00fc\u00dften die kleinen  K\u00fcnstler St. Nikolaus mit fr\u00f6hlichen Advents- und Weihnachtsliedern. <\/p>\n\n\n\n<p><\/p>\n","protected":false},"excerpt":{"rendered":"<p>besucht der Nikolaus das Gl\u00fchweinfest des B\u00fcrgervereins Berendsborn. Allj\u00e4hrlich versammeln sich die Berendsborner bei w\u00fcrzigem Gl\u00fchwein, deftigen W\u00fcrstchen, leckerer Suppe und Waffeln, um den Advent zu feiern. Trotz des schlechten Wetters hatte es sich der heilige Mann auch in diesem nicht nehmen lassen, die Berendsborner zu besuchen und den Kindern ein kleines Geschenk mitzubringen. Eigens <a class=\"read-more\" href=\"https:\/\/buergerverein-berendsborn.de\/?page_id=32\">... weiterlesen <span class=\"meta-nav\">&rarr;<\/span><\/a><\/p>\n","protected":false},"author":4,"featured_media":0,"parent":0,"menu_order":0,"comment_status":"closed","ping_status":"closed","template":"","meta":{"footnotes":""},"class_list":["post-32","page","type-page","status-publish","hentry"],"_links":{"self":[{"href":"https:\/\/buergerverein-berendsborn.de\/index.php?rest_route=\/wp\/v2\/pages\/32","targetHints":{"allow":["GET"]}}],"collection":[{"href":"https:\/\/buergerverein-berendsborn.de\/index.php?rest_route=\/wp\/v2\/pages"}],"about":[{"href":"https:\/\/buergerverein-berendsborn.de\/index.php?rest_route=\/wp\/v2\/types\/page"}],"author":[{"embeddable":true,"href":"https:\/\/buergerverein-berendsborn.de\/index.php?rest_route=\/wp\/v2\/users\/4"}],"replies":[{"embeddable":true,"href":"https:\/\/buergerverein-berendsborn.de\/index.php?rest_route=%2Fwp%2Fv2%2Fcomments&post=32"}],"version-history":[{"count":2,"href":"https:\/\/buergerverein-berendsborn.de\/index.php?rest_route=\/wp\/v2\/pages\/32\/revisions"}],"predecessor-version":[{"id":36,"href":"https:\/\/buergerverein-berendsborn.de\/index.php?rest_route=\/wp\/v2\/pages\/32\/revisions\/36"}],"wp:attachment":[{"href":"https:\/\/buergerverein-berendsborn.de\/index.php?rest_route=%2Fwp%2Fv2%2Fmedia&parent=32"}],"curies":[{"name":"wp","href":"https:\/\/api.w.org\/{rel}","templated":true}]}}