{"id":37,"date":"2020-01-17T12:21:47","date_gmt":"2020-01-17T12:21:47","guid":{"rendered":"https:\/\/buergerverein-berendsborn.de\/?page_id=37"},"modified":"2020-01-28T13:43:38","modified_gmt":"2020-01-28T13:43:38","slug":"unsere-kinderwanderung-2019","status":"publish","type":"page","link":"https:\/\/buergerverein-berendsborn.de\/?page_id=37","title":{"rendered":"Unsere Kinderwanderung 2019"},"content":{"rendered":"\n<p>Auch in diesem Jahr haben wir wieder einen ganz besonderen Ausflug f\u00fcr Ihre Kinder oder Enkel geplant.<\/p>\n\n\n\n<p>Wir werden unter fachkundiger Anleitung von Winzermeister Hans-Josef Luy in einem Weinberg am Sprung Trauben lesen und die Ernte anschlie\u00dfend keltern und zu Traubensaft und Traubengelee verarbeiten.<\/p>\n\n\n\n<p>Los geht\u2019s am Sonntag, 22. September, um 13.45 Uhr. Wir treffen uns auf dem Hof der Weinstube Luy und gehen von dort zum Weinberg am Sprung. Dort lesen wir Trauben und gehen anschlie\u00dfend wieder zur\u00fcck. Zusammen mit den Kindern werden die Trauben dann gekeltert und zu leckerem Traubensaft und Traubengelee verarbeitet. Die Leckereien k\u00f6nnen nat\u00fcrlich direkt probiert werden. Jedes teilnehmende Kind kann ein Gl\u00e4schen mitnehmen.<\/p>\n\n\n\n<p>Hier finden Sie einen Infoflyer mit Anmeldeformular. Anmeldung bitte an die dort angegebenen Adressen bis sp\u00e4testens 16. September. Das Ausf\u00fcllen des Anmeldeformulars ist obligatorisch. Die Anzahl der Teilnehmer ist begrenzt. Wenn die Maximalteilnehmerzahl erreicht ist, k\u00f6nnen wir keine weiteren Kinder mehr annehmen. Nach Ablauf der Anmeldefrist erhalten Sie von uns eine Teilnahmebest\u00e4tigung.<\/p>\n\n\n\n<figure class=\"wp-block-gallery columns-3 is-cropped wp-block-gallery-1 is-layout-flex wp-block-gallery-is-layout-flex\"><ul class=\"blocks-gallery-grid\"><li class=\"blocks-gallery-item\"><figure><img loading=\"lazy\" decoding=\"async\" width=\"1000\" height=\"750\" src=\"https:\/\/buergerverein-berendsborn.de\/wp-content\/uploads\/2020\/01\/kw1.jpg\" alt=\"\" data-id=\"43\" data-full-url=\"https:\/\/buergerverein-berendsborn.de\/wp-content\/uploads\/2020\/01\/kw1.jpg\" data-link=\"https:\/\/buergerverein-berendsborn.de\/?attachment_id=43\" class=\"wp-image-43\" srcset=\"https:\/\/buergerverein-berendsborn.de\/wp-content\/uploads\/2020\/01\/kw1.jpg 1000w, https:\/\/buergerverein-berendsborn.de\/wp-content\/uploads\/2020\/01\/kw1-300x225.jpg 300w, https:\/\/buergerverein-berendsborn.de\/wp-content\/uploads\/2020\/01\/kw1-768x576.jpg 768w, https:\/\/buergerverein-berendsborn.de\/wp-content\/uploads\/2020\/01\/kw1-624x468.jpg 624w\" sizes=\"auto, (max-width: 1000px) 100vw, 1000px\" \/><\/figure><\/li><li class=\"blocks-gallery-item\"><figure><img loading=\"lazy\" decoding=\"async\" width=\"768\" height=\"1024\" src=\"https:\/\/buergerverein-berendsborn.de\/wp-content\/uploads\/2020\/01\/kw2.jpg\" alt=\"\" data-id=\"44\" data-full-url=\"https:\/\/buergerverein-berendsborn.de\/wp-content\/uploads\/2020\/01\/kw2.jpg\" data-link=\"https:\/\/buergerverein-berendsborn.de\/?attachment_id=44\" class=\"wp-image-44\" srcset=\"https:\/\/buergerverein-berendsborn.de\/wp-content\/uploads\/2020\/01\/kw2.jpg 768w, https:\/\/buergerverein-berendsborn.de\/wp-content\/uploads\/2020\/01\/kw2-225x300.jpg 225w, https:\/\/buergerverein-berendsborn.de\/wp-content\/uploads\/2020\/01\/kw2-624x832.jpg 624w\" sizes=\"auto, (max-width: 768px) 100vw, 768px\" \/><\/figure><\/li><li class=\"blocks-gallery-item\"><figure><img loading=\"lazy\" decoding=\"async\" width=\"750\" height=\"1000\" src=\"https:\/\/buergerverein-berendsborn.de\/wp-content\/uploads\/2020\/01\/kw3.jpg\" alt=\"\" data-id=\"45\" data-full-url=\"https:\/\/buergerverein-berendsborn.de\/wp-content\/uploads\/2020\/01\/kw3.jpg\" data-link=\"https:\/\/buergerverein-berendsborn.de\/?attachment_id=45\" class=\"wp-image-45\" srcset=\"https:\/\/buergerverein-berendsborn.de\/wp-content\/uploads\/2020\/01\/kw3.jpg 750w, https:\/\/buergerverein-berendsborn.de\/wp-content\/uploads\/2020\/01\/kw3-225x300.jpg 225w, https:\/\/buergerverein-berendsborn.de\/wp-content\/uploads\/2020\/01\/kw3-624x832.jpg 624w\" sizes=\"auto, (max-width: 750px) 100vw, 750px\" \/><\/figure><\/li><li class=\"blocks-gallery-item\"><figure><img loading=\"lazy\" decoding=\"async\" width=\"574\" height=\"486\" src=\"https:\/\/buergerverein-berendsborn.de\/wp-content\/uploads\/2020\/01\/kw4.jpg\" alt=\"\" data-id=\"46\" data-full-url=\"https:\/\/buergerverein-berendsborn.de\/wp-content\/uploads\/2020\/01\/kw4.jpg\" data-link=\"https:\/\/buergerverein-berendsborn.de\/?attachment_id=46\" class=\"wp-image-46\" srcset=\"https:\/\/buergerverein-berendsborn.de\/wp-content\/uploads\/2020\/01\/kw4.jpg 574w, https:\/\/buergerverein-berendsborn.de\/wp-content\/uploads\/2020\/01\/kw4-300x254.jpg 300w\" sizes=\"auto, (max-width: 574px) 100vw, 574px\" \/><\/figure><\/li><li class=\"blocks-gallery-item\"><figure><img loading=\"lazy\" decoding=\"async\" width=\"1024\" height=\"768\" src=\"https:\/\/buergerverein-berendsborn.de\/wp-content\/uploads\/2020\/01\/kw5.jpg\" alt=\"\" data-id=\"47\" data-full-url=\"https:\/\/buergerverein-berendsborn.de\/wp-content\/uploads\/2020\/01\/kw5.jpg\" data-link=\"https:\/\/buergerverein-berendsborn.de\/?attachment_id=47\" class=\"wp-image-47\" srcset=\"https:\/\/buergerverein-berendsborn.de\/wp-content\/uploads\/2020\/01\/kw5.jpg 1024w, https:\/\/buergerverein-berendsborn.de\/wp-content\/uploads\/2020\/01\/kw5-300x225.jpg 300w, https:\/\/buergerverein-berendsborn.de\/wp-content\/uploads\/2020\/01\/kw5-768x576.jpg 768w, https:\/\/buergerverein-berendsborn.de\/wp-content\/uploads\/2020\/01\/kw5-624x468.jpg 624w\" sizes=\"auto, (max-width: 1024px) 100vw, 1024px\" \/><\/figure><\/li><\/ul><\/figure>\n","protected":false},"excerpt":{"rendered":"<p>Auch in diesem Jahr haben wir wieder einen ganz besonderen Ausflug f\u00fcr Ihre Kinder oder Enkel geplant. Wir werden unter fachkundiger Anleitung von Winzermeister Hans-Josef Luy in einem Weinberg am Sprung Trauben lesen und die Ernte anschlie\u00dfend keltern und zu Traubensaft und Traubengelee verarbeiten. Los geht\u2019s am Sonntag, 22. September, um 13.45 Uhr. Wir treffen <a class=\"read-more\" href=\"https:\/\/buergerverein-berendsborn.de\/?page_id=37\">... weiterlesen <span class=\"meta-nav\">&rarr;<\/span><\/a><\/p>\n","protected":false},"author":4,"featured_media":0,"parent":0,"menu_order":0,"comment_status":"closed","ping_status":"closed","template":"page-templates\/full-width.php","meta":{"footnotes":""},"class_list":["post-37","page","type-page","status-publish","hentry"],"_links":{"self":[{"href":"https:\/\/buergerverein-berendsborn.de\/index.php?rest_route=\/wp\/v2\/pages\/37","targetHints":{"allow":["GET"]}}],"collection":[{"href":"https:\/\/buergerverein-berendsborn.de\/index.php?rest_route=\/wp\/v2\/pages"}],"about":[{"href":"https:\/\/buergerverein-berendsborn.de\/index.php?rest_route=\/wp\/v2\/types\/page"}],"author":[{"embeddable":true,"href":"https:\/\/buergerverein-berendsborn.de\/index.php?rest_route=\/wp\/v2\/users\/4"}],"replies":[{"embeddable":true,"href":"https:\/\/buergerverein-berendsborn.de\/index.php?rest_route=%2Fwp%2Fv2%2Fcomments&post=37"}],"version-history":[{"count":3,"href":"https:\/\/buergerverein-berendsborn.de\/index.php?rest_route=\/wp\/v2\/pages\/37\/revisions"}],"predecessor-version":[{"id":49,"href":"https:\/\/buergerverein-berendsborn.de\/index.php?rest_route=\/wp\/v2\/pages\/37\/revisions\/49"}],"wp:attachment":[{"href":"https:\/\/buergerverein-berendsborn.de\/index.php?rest_route=%2Fwp%2Fv2%2Fmedia&parent=37"}],"curies":[{"name":"wp","href":"https:\/\/api.w.org\/{rel}","templated":true}]}}