{"id":50,"date":"2020-01-17T12:36:09","date_gmt":"2020-01-17T12:36:09","guid":{"rendered":"https:\/\/buergerverein-berendsborn.de\/?page_id=50"},"modified":"2020-06-05T14:39:05","modified_gmt":"2020-06-05T14:39:05","slug":"2019-2","status":"publish","type":"page","link":"https:\/\/buergerverein-berendsborn.de\/?page_id=50","title":{"rendered":"2019"},"content":{"rendered":"\n<div class=\"wp-block-group\"><div class=\"wp-block-group__inner-container is-layout-flow wp-block-group-is-layout-flow\">\n<p class=\"has-text-align-center has-medium-font-size\"><strong>Januar 2019<\/strong> <\/p>\n\n\n\n<p>Franz G\u00f6rtz, Bauunternehmer und Gesch\u00e4ftsf\u00fchrer der Fa. Elenz, hat zu seinem 80. Geburtstag im Dezember an Stelle von Geschenken um Spenden f\u00fcr den B\u00fcrgerverein gebeten. Dabei sind fast 10.500 Euro zusammengekommen.<\/p>\n<\/div><\/div>\n\n\n\n<hr class=\"wp-block-separator\"\/>\n\n\n\n<div class=\"wp-block-media-text alignwide is-stacked-on-mobile\"><figure class=\"wp-block-media-text__media\"><img loading=\"lazy\" decoding=\"async\" width=\"1000\" height=\"750\" src=\"https:\/\/buergerverein-berendsborn.de\/wp-content\/uploads\/2020\/05\/Dreck-weg-Tag-int-1.jpg\" alt=\"\" class=\"wp-image-167\" srcset=\"https:\/\/buergerverein-berendsborn.de\/wp-content\/uploads\/2020\/05\/Dreck-weg-Tag-int-1.jpg 1000w, https:\/\/buergerverein-berendsborn.de\/wp-content\/uploads\/2020\/05\/Dreck-weg-Tag-int-1-300x225.jpg 300w, https:\/\/buergerverein-berendsborn.de\/wp-content\/uploads\/2020\/05\/Dreck-weg-Tag-int-1-768x576.jpg 768w, https:\/\/buergerverein-berendsborn.de\/wp-content\/uploads\/2020\/05\/Dreck-weg-Tag-int-1-960x720.jpg 960w\" sizes=\"auto, (max-width: 1000px) 100vw, 1000px\" \/><\/figure><div class=\"wp-block-media-text__content\">\n<p class=\"has-text-align-left\">Dreck-weg-Tag am 23. M\u00e4rz<\/p>\n<\/div><\/div>\n\n\n\n<hr class=\"wp-block-separator\"\/>\n\n\n\n<div class=\"wp-block-image\"><figure class=\"alignright size-large\"><img loading=\"lazy\" decoding=\"async\" width=\"269\" height=\"109\" src=\"https:\/\/buergerverein-berendsborn.de\/wp-content\/uploads\/2020\/05\/Logo-klein.png\" alt=\"\" class=\"wp-image-191\"\/><\/figure><\/div>\n\n\n\n<p>Der Konzer Grafiker Franz May entwirft ein neues Logo f\u00fcr den B\u00fcrgerverein. Das Logo ist eine stilisierte Darstellung der St. Bernhardsfigur, die am Bernhardsbrunnen steht.<\/p>\n\n\n\n<div style=\"height:100px\" aria-hidden=\"true\" class=\"wp-block-spacer\"><\/div>\n\n\n\n<pre class=\"wp-block-preformatted\">Zu Beginn des Jahres wurde mit der <strong>Neugestaltung des Festplatzes <\/strong>begonnen. Am Brunnen und entlang des freigelegten Bachlaufes wurden zahlreiche Pflanzen eingebracht. Weiter pflanzte der B\u00fcrgerverein einen Nussbaum neben der Einm\u00fcndung der Hubert-Zettelmeyer-Stra\u00dfe in die Stra\u00dfe Am Berendsborn. Die B\u00f6schung zu den Garagen der Anwesen in der Schlesierstra\u00dfe wurde mit Gabionen abgesichert. Dar\u00fcber hinaus wurde eine Ruhezone mit zwei Parkb\u00e4nken errichtet. <\/pre>\n\n\n\n<figure class=\"wp-block-gallery columns-3 is-cropped wp-block-gallery-1 is-layout-flex wp-block-gallery-is-layout-flex\"><ul class=\"blocks-gallery-grid\"><li class=\"blocks-gallery-item\"><figure><img loading=\"lazy\" decoding=\"async\" width=\"1000\" height=\"750\" src=\"https:\/\/buergerverein-berendsborn.de\/wp-content\/uploads\/2020\/05\/Pflanzaktion1-int.jpg\" alt=\"\" data-id=\"168\" data-link=\"https:\/\/buergerverein-berendsborn.de\/?attachment_id=168\" class=\"wp-image-168\" srcset=\"https:\/\/buergerverein-berendsborn.de\/wp-content\/uploads\/2020\/05\/Pflanzaktion1-int.jpg 1000w, https:\/\/buergerverein-berendsborn.de\/wp-content\/uploads\/2020\/05\/Pflanzaktion1-int-300x225.jpg 300w, https:\/\/buergerverein-berendsborn.de\/wp-content\/uploads\/2020\/05\/Pflanzaktion1-int-768x576.jpg 768w, https:\/\/buergerverein-berendsborn.de\/wp-content\/uploads\/2020\/05\/Pflanzaktion1-int-960x720.jpg 960w\" sizes=\"auto, (max-width: 1000px) 100vw, 1000px\" \/><\/figure><\/li><li class=\"blocks-gallery-item\"><figure><img loading=\"lazy\" decoding=\"async\" width=\"1000\" height=\"750\" src=\"https:\/\/buergerverein-berendsborn.de\/wp-content\/uploads\/2020\/05\/Pflanzaktion2-int.jpg\" alt=\"\" data-id=\"169\" data-link=\"https:\/\/buergerverein-berendsborn.de\/?attachment_id=169\" class=\"wp-image-169\" srcset=\"https:\/\/buergerverein-berendsborn.de\/wp-content\/uploads\/2020\/05\/Pflanzaktion2-int.jpg 1000w, https:\/\/buergerverein-berendsborn.de\/wp-content\/uploads\/2020\/05\/Pflanzaktion2-int-300x225.jpg 300w, https:\/\/buergerverein-berendsborn.de\/wp-content\/uploads\/2020\/05\/Pflanzaktion2-int-768x576.jpg 768w, https:\/\/buergerverein-berendsborn.de\/wp-content\/uploads\/2020\/05\/Pflanzaktion2-int-960x720.jpg 960w\" sizes=\"auto, (max-width: 1000px) 100vw, 1000px\" \/><\/figure><\/li><li class=\"blocks-gallery-item\"><figure><img loading=\"lazy\" decoding=\"async\" width=\"1000\" height=\"750\" src=\"https:\/\/buergerverein-berendsborn.de\/wp-content\/uploads\/2020\/05\/Spenden\u00fcbergabe-int-2.jpg\" alt=\"\" data-id=\"171\" data-full-url=\"https:\/\/buergerverein-berendsborn.de\/wp-content\/uploads\/2020\/05\/Spenden\u00fcbergabe-int-2.jpg\" data-link=\"https:\/\/buergerverein-berendsborn.de\/?attachment_id=171\" class=\"wp-image-171\" srcset=\"https:\/\/buergerverein-berendsborn.de\/wp-content\/uploads\/2020\/05\/Spenden\u00fcbergabe-int-2.jpg 1000w, https:\/\/buergerverein-berendsborn.de\/wp-content\/uploads\/2020\/05\/Spenden\u00fcbergabe-int-2-300x225.jpg 300w, https:\/\/buergerverein-berendsborn.de\/wp-content\/uploads\/2020\/05\/Spenden\u00fcbergabe-int-2-768x576.jpg 768w, https:\/\/buergerverein-berendsborn.de\/wp-content\/uploads\/2020\/05\/Spenden\u00fcbergabe-int-2-960x720.jpg 960w\" sizes=\"auto, (max-width: 1000px) 100vw, 1000px\" \/><\/figure><\/li><li class=\"blocks-gallery-item\"><figure><img loading=\"lazy\" decoding=\"async\" width=\"1000\" height=\"605\" src=\"https:\/\/buergerverein-berendsborn.de\/wp-content\/uploads\/2020\/05\/Spenden\u00fcbergabe-int-1.jpg\" alt=\"\" data-id=\"170\" data-link=\"https:\/\/buergerverein-berendsborn.de\/?attachment_id=170\" class=\"wp-image-170\" srcset=\"https:\/\/buergerverein-berendsborn.de\/wp-content\/uploads\/2020\/05\/Spenden\u00fcbergabe-int-1.jpg 1000w, https:\/\/buergerverein-berendsborn.de\/wp-content\/uploads\/2020\/05\/Spenden\u00fcbergabe-int-1-300x182.jpg 300w, https:\/\/buergerverein-berendsborn.de\/wp-content\/uploads\/2020\/05\/Spenden\u00fcbergabe-int-1-768x465.jpg 768w, https:\/\/buergerverein-berendsborn.de\/wp-content\/uploads\/2020\/05\/Spenden\u00fcbergabe-int-1-960x581.jpg 960w\" sizes=\"auto, (max-width: 1000px) 100vw, 1000px\" \/><\/figure><\/li><\/ul><figcaption class=\"blocks-gallery-caption\">Am 15. April wurde die Anlage im Rahmen einer Feierstunde an die Stadt \u00fcbergeben.<\/figcaption><\/figure>\n\n\n\n<div class=\"wp-block-image\"><figure class=\"aligncenter size-large\"><img loading=\"lazy\" decoding=\"async\" width=\"1024\" height=\"693\" src=\"https:\/\/buergerverein-berendsborn.de\/wp-content\/uploads\/2020\/06\/Flyer-vorne-1-1024x693.jpg\" alt=\"\" class=\"wp-image-292\" srcset=\"https:\/\/buergerverein-berendsborn.de\/wp-content\/uploads\/2020\/06\/Flyer-vorne-1-1024x693.jpg 1024w, https:\/\/buergerverein-berendsborn.de\/wp-content\/uploads\/2020\/06\/Flyer-vorne-1-300x203.jpg 300w, https:\/\/buergerverein-berendsborn.de\/wp-content\/uploads\/2020\/06\/Flyer-vorne-1-768x520.jpg 768w, https:\/\/buergerverein-berendsborn.de\/wp-content\/uploads\/2020\/06\/Flyer-vorne-1-960x650.jpg 960w, https:\/\/buergerverein-berendsborn.de\/wp-content\/uploads\/2020\/06\/Flyer-vorne-1.jpg 1222w\" sizes=\"auto, (max-width: 1024px) 100vw, 1024px\" \/><\/figure><\/div>\n\n\n\n<hr class=\"wp-block-separator\"\/>\n\n\n\n<div class=\"wp-block-image\"><figure class=\"aligncenter size-large\"><img loading=\"lazy\" decoding=\"async\" width=\"1024\" height=\"712\" src=\"https:\/\/buergerverein-berendsborn.de\/wp-content\/uploads\/2020\/06\/Flyer-r\u00fcck-1-1024x712.jpg\" alt=\"\" class=\"wp-image-293\" srcset=\"https:\/\/buergerverein-berendsborn.de\/wp-content\/uploads\/2020\/06\/Flyer-r\u00fcck-1-1024x712.jpg 1024w, https:\/\/buergerverein-berendsborn.de\/wp-content\/uploads\/2020\/06\/Flyer-r\u00fcck-1-300x208.jpg 300w, https:\/\/buergerverein-berendsborn.de\/wp-content\/uploads\/2020\/06\/Flyer-r\u00fcck-1-768x534.jpg 768w, https:\/\/buergerverein-berendsborn.de\/wp-content\/uploads\/2020\/06\/Flyer-r\u00fcck-1-960x667.jpg 960w, https:\/\/buergerverein-berendsborn.de\/wp-content\/uploads\/2020\/06\/Flyer-r\u00fcck-1.jpg 1229w\" sizes=\"auto, (max-width: 1024px) 100vw, 1024px\" \/><\/figure><\/div>\n\n\n\n<div class=\"wp-block-image\"><figure class=\"aligncenter size-large\"><img loading=\"lazy\" decoding=\"async\" width=\"603\" height=\"868\" src=\"https:\/\/buergerverein-berendsborn.de\/wp-content\/uploads\/2020\/06\/Einleger-1.jpg\" alt=\"\" class=\"wp-image-294\" srcset=\"https:\/\/buergerverein-berendsborn.de\/wp-content\/uploads\/2020\/06\/Einleger-1.jpg 603w, https:\/\/buergerverein-berendsborn.de\/wp-content\/uploads\/2020\/06\/Einleger-1-208x300.jpg 208w\" sizes=\"auto, (max-width: 603px) 100vw, 603px\" \/><\/figure><\/div>\n\n\n\n<pre class=\"wp-block-preformatted\"><strong>30. April und 1. Mai<\/strong>\nZum 10. Mal veranstaltet der B\u00fcrgerverein das <strong>Berendsbornfest<\/strong>, diesmal wieder auf dem neu gestalteten Festplatz an Brunnen. \nEin abwechslungsreiches Programm, tolles Wetter und gut gelaunte Besucher waren die Merkmale des traditionellen Stadtteilfestes.\nWeil der Platz nach dem Umbau andere Abmessungen hat, wurde die Aufstellung der St\u00e4nde und des Festzeltes angeglichen. \nKinder der Grundschule St. Nikolaus unterhielten die G\u00e4ste mit Ges\u00e4ngen und T\u00e4nzen. Und mit dem Berendsborner Kinder-Projekt brachte der Verein 25 Kinder auf die B\u00fchne, mit denen Kristina Esch und Silvia Schwankl vorher Fr\u00fchlingslieder einstudiert hatte. Mit dem Spielmobil, einer H\u00fcpfburg und einem Luftballonwettbewerb hatte sich der B\u00fcrgerverein einiges f\u00fcr Kinder einfallen lassen. Aber auch die Erwachsenen kamen nicht zu kurz. Die Big Band des Gymnasiums Konz, DJ Bernie, Ku\u00df\u00b4N Groove und die Band M\u00e4nner rockten die Berendsbornb\u00fchne.<\/pre>\n\n\n\n<figure class=\"wp-block-gallery columns-3 is-cropped wp-block-gallery-2 is-layout-flex wp-block-gallery-is-layout-flex\"><ul class=\"blocks-gallery-grid\"><li class=\"blocks-gallery-item\"><figure><img loading=\"lazy\" decoding=\"async\" width=\"1000\" height=\"680\" src=\"https:\/\/buergerverein-berendsborn.de\/wp-content\/uploads\/2020\/05\/Berendsbornfest2019_1-int.jpg\" alt=\"\" data-id=\"176\" data-link=\"https:\/\/buergerverein-berendsborn.de\/?attachment_id=176\" class=\"wp-image-176\" srcset=\"https:\/\/buergerverein-berendsborn.de\/wp-content\/uploads\/2020\/05\/Berendsbornfest2019_1-int.jpg 1000w, https:\/\/buergerverein-berendsborn.de\/wp-content\/uploads\/2020\/05\/Berendsbornfest2019_1-int-300x204.jpg 300w, https:\/\/buergerverein-berendsborn.de\/wp-content\/uploads\/2020\/05\/Berendsbornfest2019_1-int-768x522.jpg 768w, https:\/\/buergerverein-berendsborn.de\/wp-content\/uploads\/2020\/05\/Berendsbornfest2019_1-int-960x653.jpg 960w\" sizes=\"auto, (max-width: 1000px) 100vw, 1000px\" \/><\/figure><\/li><li class=\"blocks-gallery-item\"><figure><img loading=\"lazy\" decoding=\"async\" width=\"1000\" height=\"571\" src=\"https:\/\/buergerverein-berendsborn.de\/wp-content\/uploads\/2020\/05\/Projektchor-int.jpg\" alt=\"\" data-id=\"177\" data-link=\"https:\/\/buergerverein-berendsborn.de\/?attachment_id=177\" class=\"wp-image-177\" srcset=\"https:\/\/buergerverein-berendsborn.de\/wp-content\/uploads\/2020\/05\/Projektchor-int.jpg 1000w, https:\/\/buergerverein-berendsborn.de\/wp-content\/uploads\/2020\/05\/Projektchor-int-300x171.jpg 300w, https:\/\/buergerverein-berendsborn.de\/wp-content\/uploads\/2020\/05\/Projektchor-int-768x439.jpg 768w, https:\/\/buergerverein-berendsborn.de\/wp-content\/uploads\/2020\/05\/Projektchor-int-960x548.jpg 960w\" sizes=\"auto, (max-width: 1000px) 100vw, 1000px\" \/><\/figure><\/li><li class=\"blocks-gallery-item\"><figure><img loading=\"lazy\" decoding=\"async\" width=\"1000\" height=\"750\" src=\"https:\/\/buergerverein-berendsborn.de\/wp-content\/uploads\/2020\/05\/Berendsbornfest2019_3-int.jpg\" alt=\"\" data-id=\"178\" data-link=\"https:\/\/buergerverein-berendsborn.de\/?attachment_id=178\" class=\"wp-image-178\" srcset=\"https:\/\/buergerverein-berendsborn.de\/wp-content\/uploads\/2020\/05\/Berendsbornfest2019_3-int.jpg 1000w, https:\/\/buergerverein-berendsborn.de\/wp-content\/uploads\/2020\/05\/Berendsbornfest2019_3-int-300x225.jpg 300w, https:\/\/buergerverein-berendsborn.de\/wp-content\/uploads\/2020\/05\/Berendsbornfest2019_3-int-768x576.jpg 768w, https:\/\/buergerverein-berendsborn.de\/wp-content\/uploads\/2020\/05\/Berendsbornfest2019_3-int-960x720.jpg 960w\" sizes=\"auto, (max-width: 1000px) 100vw, 1000px\" \/><\/figure><\/li><li class=\"blocks-gallery-item\"><figure><img loading=\"lazy\" decoding=\"async\" width=\"1000\" height=\"750\" src=\"https:\/\/buergerverein-berendsborn.de\/wp-content\/uploads\/2020\/05\/Berendsbornfest2019_4-int.jpg\" alt=\"\" data-id=\"179\" data-link=\"https:\/\/buergerverein-berendsborn.de\/?attachment_id=179\" class=\"wp-image-179\" srcset=\"https:\/\/buergerverein-berendsborn.de\/wp-content\/uploads\/2020\/05\/Berendsbornfest2019_4-int.jpg 1000w, https:\/\/buergerverein-berendsborn.de\/wp-content\/uploads\/2020\/05\/Berendsbornfest2019_4-int-300x225.jpg 300w, https:\/\/buergerverein-berendsborn.de\/wp-content\/uploads\/2020\/05\/Berendsbornfest2019_4-int-768x576.jpg 768w, https:\/\/buergerverein-berendsborn.de\/wp-content\/uploads\/2020\/05\/Berendsbornfest2019_4-int-960x720.jpg 960w\" sizes=\"auto, (max-width: 1000px) 100vw, 1000px\" \/><\/figure><\/li><li class=\"blocks-gallery-item\"><figure><img loading=\"lazy\" decoding=\"async\" width=\"1000\" height=\"750\" src=\"https:\/\/buergerverein-berendsborn.de\/wp-content\/uploads\/2020\/05\/Berendsbornfest2019_5-int.jpg\" alt=\"\" data-id=\"180\" data-full-url=\"https:\/\/buergerverein-berendsborn.de\/wp-content\/uploads\/2020\/05\/Berendsbornfest2019_5-int.jpg\" data-link=\"https:\/\/buergerverein-berendsborn.de\/?attachment_id=180\" class=\"wp-image-180\" srcset=\"https:\/\/buergerverein-berendsborn.de\/wp-content\/uploads\/2020\/05\/Berendsbornfest2019_5-int.jpg 1000w, https:\/\/buergerverein-berendsborn.de\/wp-content\/uploads\/2020\/05\/Berendsbornfest2019_5-int-300x225.jpg 300w, https:\/\/buergerverein-berendsborn.de\/wp-content\/uploads\/2020\/05\/Berendsbornfest2019_5-int-768x576.jpg 768w, https:\/\/buergerverein-berendsborn.de\/wp-content\/uploads\/2020\/05\/Berendsbornfest2019_5-int-960x720.jpg 960w\" sizes=\"auto, (max-width: 1000px) 100vw, 1000px\" \/><\/figure><\/li><\/ul><\/figure>\n\n\n\n<pre class=\"wp-block-preformatted\"><strong>2. September 2019<\/strong>\nKinderwanderung in die Weinberge. \n\n19 Kinder und einige Eltern machen sich bei strahlendem Sonnenschein auf in den Weinberg an der Wiltinger Kupp. Dort werden Trauben gelesen, die anschlie\u00dfend im Weingut Luy gekeltert und zu Saft und Gelee verarbeitet werden. Zum Abschluss wird im Weingut gegrillt und jedes Kind erh\u00e4lt eine Flasche Saft und ein Glas Gelee.<\/pre>\n\n\n\n<figure class=\"wp-block-gallery columns-2 is-cropped wp-block-gallery-3 is-layout-flex wp-block-gallery-is-layout-flex\"><ul class=\"blocks-gallery-grid\"><li class=\"blocks-gallery-item\"><figure><img loading=\"lazy\" decoding=\"async\" width=\"1000\" height=\"750\" src=\"https:\/\/buergerverein-berendsborn.de\/wp-content\/uploads\/2020\/05\/Kinderwanderung4.jpg\" alt=\"\" data-id=\"184\" data-link=\"https:\/\/buergerverein-berendsborn.de\/?attachment_id=184\" class=\"wp-image-184\" srcset=\"https:\/\/buergerverein-berendsborn.de\/wp-content\/uploads\/2020\/05\/Kinderwanderung4.jpg 1000w, https:\/\/buergerverein-berendsborn.de\/wp-content\/uploads\/2020\/05\/Kinderwanderung4-300x225.jpg 300w, https:\/\/buergerverein-berendsborn.de\/wp-content\/uploads\/2020\/05\/Kinderwanderung4-768x576.jpg 768w, https:\/\/buergerverein-berendsborn.de\/wp-content\/uploads\/2020\/05\/Kinderwanderung4-960x720.jpg 960w\" sizes=\"auto, (max-width: 1000px) 100vw, 1000px\" \/><\/figure><\/li><li class=\"blocks-gallery-item\"><figure><img loading=\"lazy\" decoding=\"async\" width=\"768\" height=\"1024\" src=\"https:\/\/buergerverein-berendsborn.de\/wp-content\/uploads\/2020\/05\/KInderwanderung8-1.jpg\" alt=\"\" data-id=\"185\" data-full-url=\"https:\/\/buergerverein-berendsborn.de\/wp-content\/uploads\/2020\/05\/KInderwanderung8-1.jpg\" data-link=\"https:\/\/buergerverein-berendsborn.de\/?attachment_id=185\" class=\"wp-image-185\" srcset=\"https:\/\/buergerverein-berendsborn.de\/wp-content\/uploads\/2020\/05\/KInderwanderung8-1.jpg 768w, https:\/\/buergerverein-berendsborn.de\/wp-content\/uploads\/2020\/05\/KInderwanderung8-1-225x300.jpg 225w\" sizes=\"auto, (max-width: 768px) 100vw, 768px\" \/><\/figure><\/li><\/ul><\/figure>\n\n\n\n<div class=\"wp-block-media-text alignwide is-stacked-on-mobile\"><figure class=\"wp-block-media-text__media\"><img loading=\"lazy\" decoding=\"async\" width=\"959\" height=\"1024\" src=\"https:\/\/buergerverein-berendsborn.de\/wp-content\/uploads\/2020\/05\/IMG-20191017-WA0010-bV-959x1024.jpg\" alt=\"\" class=\"wp-image-186\" srcset=\"https:\/\/buergerverein-berendsborn.de\/wp-content\/uploads\/2020\/05\/IMG-20191017-WA0010-bV-959x1024.jpg 959w, https:\/\/buergerverein-berendsborn.de\/wp-content\/uploads\/2020\/05\/IMG-20191017-WA0010-bV-281x300.jpg 281w, https:\/\/buergerverein-berendsborn.de\/wp-content\/uploads\/2020\/05\/IMG-20191017-WA0010-bV-768x820.jpg 768w, https:\/\/buergerverein-berendsborn.de\/wp-content\/uploads\/2020\/05\/IMG-20191017-WA0010-bV-960x1025.jpg 960w, https:\/\/buergerverein-berendsborn.de\/wp-content\/uploads\/2020\/05\/IMG-20191017-WA0010-bV.jpg 1059w\" sizes=\"auto, (max-width: 959px) 100vw, 959px\" \/><\/figure><div class=\"wp-block-media-text__content\">\n<p>Beim Seniorennachmittag am 17. Oktober informiert ein Seniorensicherheitsberater der Polizei \u00fcber Sicherheit im Alter.<\/p>\n<\/div><\/div>\n\n\n\n<div class=\"wp-block-media-text alignwide has-media-on-the-right is-stacked-on-mobile is-vertically-aligned-center\"><figure class=\"wp-block-media-text__media\"><img loading=\"lazy\" decoding=\"async\" width=\"700\" height=\"525\" src=\"https:\/\/buergerverein-berendsborn.de\/wp-content\/uploads\/2020\/05\/Gl\u00fchweinfest-Berendsborn-1-int.jpg\" alt=\"\" class=\"wp-image-187\" srcset=\"https:\/\/buergerverein-berendsborn.de\/wp-content\/uploads\/2020\/05\/Gl\u00fchweinfest-Berendsborn-1-int.jpg 700w, https:\/\/buergerverein-berendsborn.de\/wp-content\/uploads\/2020\/05\/Gl\u00fchweinfest-Berendsborn-1-int-300x225.jpg 300w\" sizes=\"auto, (max-width: 700px) 100vw, 700px\" \/><\/figure><div class=\"wp-block-media-text__content\">\n<pre class=\"wp-block-preformatted\">Zum zweiten Mal hatte Kristina Esch mit Unterst\u00fctzung von Silvia Schwankl einen Projektchor ins Leben gerufen, der die Besucher des Gl\u00fchweinfestes am 8. Dezember mit Weihnachtsliedern unterhielt.<\/pre>\n<\/div><\/div>\n","protected":false},"excerpt":{"rendered":"<p>Januar 2019 Franz G\u00f6rtz, Bauunternehmer und Gesch\u00e4ftsf\u00fchrer der Fa. Elenz, hat zu seinem 80. Geburtstag im Dezember an Stelle von Geschenken um Spenden f\u00fcr den B\u00fcrgerverein gebeten. Dabei sind fast 10.500 Euro zusammengekommen. Dreck-weg-Tag am 23. M\u00e4rz Der Konzer Grafiker Franz May entwirft ein neues Logo f\u00fcr den B\u00fcrgerverein. Das Logo ist eine stilisierte Darstellung <a class=\"read-more\" href=\"https:\/\/buergerverein-berendsborn.de\/?page_id=50\">... weiterlesen <span class=\"meta-nav\">&rarr;<\/span><\/a><\/p>\n","protected":false},"author":4,"featured_media":0,"parent":0,"menu_order":0,"comment_status":"closed","ping_status":"closed","template":"","meta":{"footnotes":""},"class_list":["post-50","page","type-page","status-publish","hentry"],"_links":{"self":[{"href":"https:\/\/buergerverein-berendsborn.de\/index.php?rest_route=\/wp\/v2\/pages\/50","targetHints":{"allow":["GET"]}}],"collection":[{"href":"https:\/\/buergerverein-berendsborn.de\/index.php?rest_route=\/wp\/v2\/pages"}],"about":[{"href":"https:\/\/buergerverein-berendsborn.de\/index.php?rest_route=\/wp\/v2\/types\/page"}],"author":[{"embeddable":true,"href":"https:\/\/buergerverein-berendsborn.de\/index.php?rest_route=\/wp\/v2\/users\/4"}],"replies":[{"embeddable":true,"href":"https:\/\/buergerverein-berendsborn.de\/index.php?rest_route=%2Fwp%2Fv2%2Fcomments&post=50"}],"version-history":[{"count":19,"href":"https:\/\/buergerverein-berendsborn.de\/index.php?rest_route=\/wp\/v2\/pages\/50\/revisions"}],"predecessor-version":[{"id":296,"href":"https:\/\/buergerverein-berendsborn.de\/index.php?rest_route=\/wp\/v2\/pages\/50\/revisions\/296"}],"wp:attachment":[{"href":"https:\/\/buergerverein-berendsborn.de\/index.php?rest_route=%2Fwp%2Fv2%2Fmedia&parent=50"}],"curies":[{"name":"wp","href":"https:\/\/api.w.org\/{rel}","templated":true}]}}