{"id":53,"date":"2020-01-17T12:36:25","date_gmt":"2020-01-17T12:36:25","guid":{"rendered":"https:\/\/buergerverein-berendsborn.de\/?page_id=53"},"modified":"2021-02-19T09:00:56","modified_gmt":"2021-02-19T09:00:56","slug":"2020-2","status":"publish","type":"page","link":"https:\/\/buergerverein-berendsborn.de\/?page_id=53","title":{"rendered":"2020"},"content":{"rendered":"\n<p class=\"has-text-align-center\"><strong>Leider m\u00fcssen wir aufgrund der Corona-Beschr\u00e4nkungen unser traditionelles Gl\u00fchweinfest absagen.<\/strong><\/p>\n\n\n\n<p class=\"has-text-align-center\">Wir w\u00fcnschen Ihnen eine besinnliche Adventszeit - und bleiben Sie gesund.<\/p>\n\n\n\n<div class=\"wp-block-image\"><figure class=\"aligncenter size-large\"><img loading=\"lazy\" decoding=\"async\" width=\"1000\" height=\"750\" src=\"https:\/\/buergerverein-berendsborn.de\/wp-content\/uploads\/2020\/10\/Vorstand-2020int.jpg\" alt=\"\" class=\"wp-image-590\" srcset=\"https:\/\/buergerverein-berendsborn.de\/wp-content\/uploads\/2020\/10\/Vorstand-2020int.jpg 1000w, https:\/\/buergerverein-berendsborn.de\/wp-content\/uploads\/2020\/10\/Vorstand-2020int-300x225.jpg 300w, https:\/\/buergerverein-berendsborn.de\/wp-content\/uploads\/2020\/10\/Vorstand-2020int-768x576.jpg 768w, https:\/\/buergerverein-berendsborn.de\/wp-content\/uploads\/2020\/10\/Vorstand-2020int-960x720.jpg 960w\" sizes=\"auto, (max-width: 1000px) 100vw, 1000px\" \/><\/figure><\/div>\n\n\n\n<p>Eine neue Esskastanie w\u00e4chst jetzt neben dem Wendehammer am Friedhof St. Nikolaus. Wegen der Kanalbauarbeiten hatten vor zwei Jahren dort einige alte B\u00e4ume weichen m\u00fcssen. Der Vorstand (Reinhardt Harms, Hans-Peter Haag, Karl-Peter Jochem, Raimund Esch, Kerstin Wacht, Silvia Schwankl und Claudine Peifer von links) nutzte den Platz, um diesen gro\u00dfen Baum pflanzen zu lassen.<\/p>\n\n\n\n<div class=\"wp-block-image\"><figure class=\"aligncenter size-large\"><img loading=\"lazy\" decoding=\"async\" width=\"750\" height=\"536\" src=\"https:\/\/buergerverein-berendsborn.de\/wp-content\/uploads\/2020\/05\/Sitzb\u00e4nke_int.jpg\" alt=\"\" class=\"wp-image-213\" srcset=\"https:\/\/buergerverein-berendsborn.de\/wp-content\/uploads\/2020\/05\/Sitzb\u00e4nke_int.jpg 750w, https:\/\/buergerverein-berendsborn.de\/wp-content\/uploads\/2020\/05\/Sitzb\u00e4nke_int-300x214.jpg 300w\" sizes=\"auto, (max-width: 750px) 100vw, 750px\" \/><figcaption>Im geb\u00fchrenden Sicherheitsabstand probierten diese Vorstandsmitglieder die neuen B\u00e4nke schon mal aus.<\/figcaption><\/figure><\/div>\n\n\n\n<p>Sieben Sitzb\u00e4nke hat der Verein am 29. Mai auf den Gabionen am Festplatz anbringen lassen. In die B\u00f6schung dahinter sollen noch kleinere Pflanzen gesetzt werden. Bereits vor einigen Wochen hatte der Verein zwei Wei\u00dfdorn-B\u00e4ume auf der neuen Verkehrsinsel in der Hubert-Zettelmeyer-Stra\u00dfe einpflanzen lassen. \"Wir werden auch weiterhin in unserem Stadtteil Versch\u00f6nerungen vornehmen,\" sagt Vereinsvorsitzender Raimund Esch. Weitere Baumpflanzaktionen sollen folgen.<\/p>\n\n\n\n<figure class=\"wp-block-image size-large\"><img loading=\"lazy\" decoding=\"async\" width=\"1000\" height=\"750\" src=\"https:\/\/buergerverein-berendsborn.de\/wp-content\/uploads\/2020\/05\/Baumpflanzaktion_int-1.jpg\" alt=\"\" class=\"wp-image-161\" srcset=\"https:\/\/buergerverein-berendsborn.de\/wp-content\/uploads\/2020\/05\/Baumpflanzaktion_int-1.jpg 1000w, https:\/\/buergerverein-berendsborn.de\/wp-content\/uploads\/2020\/05\/Baumpflanzaktion_int-1-300x225.jpg 300w, https:\/\/buergerverein-berendsborn.de\/wp-content\/uploads\/2020\/05\/Baumpflanzaktion_int-1-768x576.jpg 768w, https:\/\/buergerverein-berendsborn.de\/wp-content\/uploads\/2020\/05\/Baumpflanzaktion_int-1-960x720.jpg 960w\" sizes=\"auto, (max-width: 1000px) 100vw, 1000px\" \/><\/figure>\n\n\n\n<pre class=\"wp-block-preformatted\"><strong>Trotz Corona und Berendsbornfest-Absage bleibt der B\u00fcrgerverein Berendsborn auch weiterhin aktiv.<\/strong> \nZwei Wei\u00dfdorn-B\u00e4ume stehen seit kurzem auf der neuen Verkehrsinsel in der Hubert-Zettelmeyer-Stra\u00dfe. \"Wir wollten die eher schmucklose Situation sch\u00f6ner gestalten und haben in Absprache mit der Stadtverwaltung die beiden B\u00e4ume angeschafft,\" sagt B\u00fcrgervereins-Vorsitzender Raimund Esch (rechts). Die B\u00e4ume haben gro\u00dfe, wei\u00dfe Bl\u00fctendolden und tragen bis in den Winter hinein rot-orangene Fr\u00fcchte. Weitere Aktionen des Vereins sind bereits geplant. \"Es sollen weitere B\u00e4ume gepflanzt werden und auf dem Festplatz werden Sitzb\u00e4nke errichtet,\" sagt Esch.\n<\/pre>\n\n\n\n<div class=\"wp-block-media-text alignwide is-stacked-on-mobile\"><figure class=\"wp-block-media-text__media\"><img loading=\"lazy\" decoding=\"async\" width=\"750\" height=\"1000\" src=\"https:\/\/buergerverein-berendsborn.de\/wp-content\/uploads\/2020\/05\/St.Bernhard_int-2.jpg\" alt=\"\" class=\"wp-image-157 size-full\" srcset=\"https:\/\/buergerverein-berendsborn.de\/wp-content\/uploads\/2020\/05\/St.Bernhard_int-2.jpg 750w, https:\/\/buergerverein-berendsborn.de\/wp-content\/uploads\/2020\/05\/St.Bernhard_int-2-225x300.jpg 225w\" sizes=\"auto, (max-width: 750px) 100vw, 750px\" \/><\/figure><div class=\"wp-block-media-text__content\">\n<p>St. Bernhard tr\u00e4gt Mund-Nasen-Schutzmaske<\/p>\n<\/div><\/div>\n\n\n\n<pre class=\"wp-block-preformatted\">Wenige Tage nach dem Dreck-weg-Tag traten die ersten Beschr\u00e4nkungen aufgrund der Corona-Pandemie in Kraft.\n\n<strong>B\u00fcrgerverein sagt Berendsbornfest ab<\/strong>\nDer B\u00fcrgerverein Berendsborn Aktiv e.V. hat das traditionelle Berendsbornfest am 30. April und 1. Mai abgesagt. \u201eDie sich st\u00e4ndig fortentwickelnde Lage ist nicht kalkulierbar und l\u00e4sst insbesondere zum Schutz der Besucher und Helfer nur eine Absage des Berendsbornfestes 2020 zu\u201c, sagt Vereinsvorsitzender Raimund Esch.\nSeit 11 Jahren veranstaltet der Verein das Fest und finanziert damit soziale Zwecke in dem Konzer Stadtteil. Die Vorbereitungen seien bereits weit fortgeschritten, das Programm fast fertig und letzte Schritte in die Wege geleitet worden, sagt Esch. Leider m\u00fcsse man aber erkennen, dass die Vorbereitungen aufgrund der aktuellen Ereignisse um die Corona-Pandemie nicht fortgef\u00fchrt werden k\u00f6nnten. Eine Verschiebung des Festes k\u00f6nne der Verein aufgrund der umfangreichen, monatelangen Vorbereitungen nicht stemmen. \u201eWir planen aber weiterhin den Seniorennachmittag im Herbst und das Gl\u00fchweinfest im Dezember und freuen uns jetzt schon auf das Berendsbornfest im kommenden Jahr\u201c, sagt Esch.<\/pre>\n\n\n\n<div class=\"wp-block-media-text alignwide is-stacked-on-mobile\" style=\"grid-template-columns:59% auto\"><figure class=\"wp-block-media-text__media\"><img loading=\"lazy\" decoding=\"async\" width=\"750\" height=\"563\" src=\"https:\/\/buergerverein-berendsborn.de\/wp-content\/uploads\/2020\/05\/Dreck-weg-Tag2_int-1.jpg\" alt=\"\" class=\"wp-image-154 size-full\" srcset=\"https:\/\/buergerverein-berendsborn.de\/wp-content\/uploads\/2020\/05\/Dreck-weg-Tag2_int-1.jpg 750w, https:\/\/buergerverein-berendsborn.de\/wp-content\/uploads\/2020\/05\/Dreck-weg-Tag2_int-1-300x225.jpg 300w\" sizes=\"auto, (max-width: 750px) 100vw, 750px\" \/><\/figure><div class=\"wp-block-media-text__content\">\n<p class=\"has-large-font-size\">Dreck-weg-Tag am <\/p>\n\n\n\n<p class=\"has-large-font-size\">14. M\u00e4rz <\/p>\n\n\n\n<p><\/p>\n<\/div><\/div>\n\n\n\n<pre class=\"wp-block-preformatted\">Traditionell startete der B\u00fcrgerverein Berendsborn die Saison mit einem Dreck-weg-Tag. Wie jedes Jahr sammelten flei\u00dfige Helfer den Unrat auf, den andere in der Natur hinterlassen hatten. Von einem Autofahrer gab es daf\u00fcr ein Dankesch\u00f6n.\n\u201eIch wusste gar nicht wie viele verschiedene Getr\u00e4nke man in Dosen kaufen kann\u201c, sagte ein Helfer angesichts des Berges an weggeworfener Getr\u00e4nkedosen, die beim Dreck-weg-Tag am vergangenen Samstag auf dem Berendsborn zusammen kamen. S\u00e4ckeweise hatten die Sammler Dosen, Flaschen und Fast-Food-Verpackungen im Stra\u00dfengraben der so genannten Wiltinger Kupp-Stra\u00dfe eingesammelt. Auch andernorts sammelten die Helfer ein, was achtlose Mitmenschen in der Natur entsorgt hatten. So kamen mehrere Anh\u00e4ngerladungen an M\u00fcll, Bauschutt und anderem Unrat zusammen. Daf\u00fcr gab es von einem Autofahrer ein Extra-Dankesch\u00f6n. Er hielt an einer Helfergruppe an der Wiltinger Stra\u00dfe an und bedankte sich f\u00fcr das ehrenamtliche Engagement der Berendsborner.<\/pre>\n","protected":false},"excerpt":{"rendered":"<p>Leider m\u00fcssen wir aufgrund der Corona-Beschr\u00e4nkungen unser traditionelles Gl\u00fchweinfest absagen. Wir w\u00fcnschen Ihnen eine besinnliche Adventszeit - und bleiben Sie gesund. Eine neue Esskastanie w\u00e4chst jetzt neben dem Wendehammer am Friedhof St. Nikolaus. Wegen der Kanalbauarbeiten hatten vor zwei Jahren dort einige alte B\u00e4ume weichen m\u00fcssen. Der Vorstand (Reinhardt Harms, Hans-Peter Haag, Karl-Peter Jochem, Raimund <a class=\"read-more\" href=\"https:\/\/buergerverein-berendsborn.de\/?page_id=53\">... weiterlesen <span class=\"meta-nav\">&rarr;<\/span><\/a><\/p>\n","protected":false},"author":4,"featured_media":76,"parent":0,"menu_order":0,"comment_status":"closed","ping_status":"closed","template":"","meta":{"footnotes":""},"class_list":["post-53","page","type-page","status-publish","has-post-thumbnail","hentry","has-thumbnail"],"_links":{"self":[{"href":"https:\/\/buergerverein-berendsborn.de\/index.php?rest_route=\/wp\/v2\/pages\/53","targetHints":{"allow":["GET"]}}],"collection":[{"href":"https:\/\/buergerverein-berendsborn.de\/index.php?rest_route=\/wp\/v2\/pages"}],"about":[{"href":"https:\/\/buergerverein-berendsborn.de\/index.php?rest_route=\/wp\/v2\/types\/page"}],"author":[{"embeddable":true,"href":"https:\/\/buergerverein-berendsborn.de\/index.php?rest_route=\/wp\/v2\/users\/4"}],"replies":[{"embeddable":true,"href":"https:\/\/buergerverein-berendsborn.de\/index.php?rest_route=%2Fwp%2Fv2%2Fcomments&post=53"}],"version-history":[{"count":7,"href":"https:\/\/buergerverein-berendsborn.de\/index.php?rest_route=\/wp\/v2\/pages\/53\/revisions"}],"predecessor-version":[{"id":600,"href":"https:\/\/buergerverein-berendsborn.de\/index.php?rest_route=\/wp\/v2\/pages\/53\/revisions\/600"}],"wp:featuredmedia":[{"embeddable":true,"href":"https:\/\/buergerverein-berendsborn.de\/index.php?rest_route=\/wp\/v2\/media\/76"}],"wp:attachment":[{"href":"https:\/\/buergerverein-berendsborn.de\/index.php?rest_route=%2Fwp%2Fv2%2Fmedia&parent=53"}],"curies":[{"name":"wp","href":"https:\/\/api.w.org\/{rel}","templated":true}]}}